{"id":3389,"date":"2018-09-27T16:14:17","date_gmt":"2018-09-27T08:14:17","guid":{"rendered":"https:\/\/madgicprod.asia\/divertissements-evenementiels\/"},"modified":"2023-08-26T17:04:12","modified_gmt":"2023-08-26T09:04:12","slug":"divertissements-evenementiels","status":"publish","type":"page","link":"https:\/\/madgicprod.asia\/fr\/divertissements-evenementiels\/","title":{"rendered":"Ev\u00e9nementiel"},"content":{"rendered":"<h3><strong>Nous proposons des spectacles de magie personnalis\u00e9s et exclusifs avec des formats adaptables, de la magie rapproch\u00e9e aux num\u00e9ros de sc\u00e8ne,<\/strong> <strong>pour des publics de 2 \u00e0 1000 personnes.<\/strong><\/h3>\n<h3><strong>Nous am\u00e9liorons l&rsquo;engagement des clients et cr\u00e9ons un lien durable avec votre marque.<\/strong><\/h3>\n<p>Nous soutenons vos messages de haut en bas et les concr\u00e9tisons de mani\u00e8re percutante et inoubliable.<\/p>\n<p>Nous proposons un \u00e9merveillement \u00e9motionnel qui s&rsquo;adresse \u00e0 la partie enfantine de chacun et offre une exp\u00e9rience unique de d\u00e9paysement.<\/p>\n<h3> <\/h3>\n<p>Nos artistes sont multilingues, multiculturels et multi-talents.<\/p>\n<p>Ils peuvent faire du mentalisme, de la magie num\u00e9rique, des effets classiques, en suivant les exigences du label Madgicprod.<\/p>\n<p>Nous proposons des exp\u00e9riences sur mesure, comme pour Louis Vuitton, Mo\u00ebt Hennessy, Qeelin, Burberry, Cartier, Chanel, Van Cleef &amp; Arpels, Citro\u00ebn, H&amp;M, Orange, Sodexo&#8230;..<b><\/b><\/p>\n<p>La magie est un moyen d&rsquo;\u00e9motion universel. Devant un ph\u00e9nom\u00e8ne myst\u00e9rieux et d\u00e9routant, le spectateur se retrouve face \u00e0 lui-m\u00eame, quelles que soient ses croyances, ses convictions, le pouvoir de s\u00e9duction est le m\u00eame. En recherchant la beaut\u00e9 et en d\u00e9veloppant le c\u00f4t\u00e9 inexpliqu\u00e9 de votre vie, vous pouvez cr\u00e9er le d\u00e9sir&#8230; C&rsquo;est de la vraie magie.<\/p>\n<p>Stefan Leyshon<\/p>\n<p><b> <\/b><\/p>\n<p>Ajouter les photos des \u00e9v\u00e9nements : Qeelin, LV, MH, &#8230;<\/p>\n\n<figure class=\"wp-block-video wp-block-embed is-type-video is-provider-videopress\"><div class=\"wp-block-embed__wrapper\">\n<iframe title=\"VideoPress Video Player\" aria-label='VideoPress Video Player' width='1000' height='563' src='https:\/\/videopress.com\/embed\/RPeGkjMU?cover=1&amp;preloadContent=metadata&amp;hd=1' frameborder='0' allowfullscreen data-resize-to-parent=\"true\" allow='clipboard-write'><\/iframe><script src='https:\/\/v0.wordpress.com\/js\/next\/videopress-iframe.js?m=1674852142'><\/script>\n<\/div><figcaption>Pernod Ricard &#8211; Shenzhen<\/figcaption><\/figure>\n\n<p><\/p>\n","protected":false},"excerpt":{"rendered":"<p>Nous proposons des spectacles de magie personnalis\u00e9s et exclusifs avec des formats adaptables, de la magie rapproch\u00e9e aux num\u00e9ros de sc\u00e8ne, pour des publics de 2 \u00e0 1000 personnes. Nous am\u00e9liorons l&rsquo;engagement des clients et cr\u00e9ons un lien durable avec votre marque. Nous soutenons vos messages de haut en bas et les concr\u00e9tisons de mani\u00e8re <\/p>\n","protected":false},"author":2,"featured_media":3145,"parent":0,"menu_order":0,"comment_status":"closed","ping_status":"closed","template":"","meta":{"jetpack_post_was_ever_published":true,"footnotes":""},"class_list":["post-3389","page","type-page","status-publish","has-post-thumbnail","hentry"],"yoast_head":"<!-- This site is optimized with the Yoast SEO plugin v27.3 - https:\/\/yoast.com\/product\/yoast-seo-wordpress\/ -->\n<title>Ev\u00e9nementiel - Madgicprod<\/title>\n<meta name=\"robots\" content=\"index, follow, max-snippet:-1, max-image-preview:large, max-video-preview:-1\" \/>\n<link rel=\"canonical\" href=\"https:\/\/madgicprod.asia\/fr\/divertissements-evenementiels\/\" \/>\n<meta property=\"og:locale\" content=\"fr_FR\" \/>\n<meta property=\"og:type\" content=\"article\" \/>\n<meta property=\"og:title\" content=\"Ev\u00e9nementiel - Madgicprod\" \/>\n<meta property=\"og:description\" content=\"Nous proposons des spectacles de magie personnalis\u00e9s et exclusifs avec des formats adaptables, de la magie rapproch\u00e9e aux num\u00e9ros de sc\u00e8ne, pour des publics de 2 \u00e0 1000 personnes. Nous am\u00e9liorons l&rsquo;engagement des clients et cr\u00e9ons un lien durable avec votre marque. Nous soutenons vos messages de haut en bas et les concr\u00e9tisons de mani\u00e8re [&hellip;]\" \/>\n<meta property=\"og:url\" content=\"https:\/\/madgicprod.asia\/fr\/divertissements-evenementiels\/\" \/>\n<meta property=\"og:site_name\" content=\"Madgicprod\" \/>\n<meta property=\"article:modified_time\" content=\"2023-08-26T09:04:12+00:00\" \/>\n<meta property=\"og:image\" content=\"https:\/\/i0.wp.com\/madgicprod.asia\/wp-content\/uploads\/2018\/10\/bandevent.jpg?fit=2000%2C500&ssl=1\" \/>\n\t<meta property=\"og:image:width\" content=\"2000\" \/>\n\t<meta property=\"og:image:height\" content=\"500\" \/>\n\t<meta property=\"og:image:type\" content=\"image\/jpeg\" \/>\n<meta name=\"twitter:card\" content=\"summary_large_image\" \/>\n<meta name=\"twitter:label1\" content=\"Dur\u00e9e de lecture estim\u00e9e\" \/>\n\t<meta name=\"twitter:data1\" content=\"1 minute\" \/>\n<script type=\"application\/ld+json\" class=\"yoast-schema-graph\">{\"@context\":\"https:\\\/\\\/schema.org\",\"@graph\":[{\"@type\":\"WebPage\",\"@id\":\"https:\\\/\\\/madgicprod.asia\\\/fr\\\/divertissements-evenementiels\\\/\",\"url\":\"https:\\\/\\\/madgicprod.asia\\\/fr\\\/divertissements-evenementiels\\\/\",\"name\":\"Ev\u00e9nementiel - Madgicprod\",\"isPartOf\":{\"@id\":\"https:\\\/\\\/madgicprod.asia\\\/fr\\\/#website\"},\"primaryImageOfPage\":{\"@id\":\"https:\\\/\\\/madgicprod.asia\\\/fr\\\/divertissements-evenementiels\\\/#primaryimage\"},\"image\":{\"@id\":\"https:\\\/\\\/madgicprod.asia\\\/fr\\\/divertissements-evenementiels\\\/#primaryimage\"},\"thumbnailUrl\":\"https:\\\/\\\/i0.wp.com\\\/madgicprod.asia\\\/wp-content\\\/uploads\\\/2018\\\/10\\\/bandevent.jpg?fit=2000%2C500&ssl=1\",\"datePublished\":\"2018-09-27T08:14:17+00:00\",\"dateModified\":\"2023-08-26T09:04:12+00:00\",\"breadcrumb\":{\"@id\":\"https:\\\/\\\/madgicprod.asia\\\/fr\\\/divertissements-evenementiels\\\/#breadcrumb\"},\"inLanguage\":\"fr-FR\",\"potentialAction\":[{\"@type\":\"ReadAction\",\"target\":[\"https:\\\/\\\/madgicprod.asia\\\/fr\\\/divertissements-evenementiels\\\/\"]}]},{\"@type\":\"ImageObject\",\"inLanguage\":\"fr-FR\",\"@id\":\"https:\\\/\\\/madgicprod.asia\\\/fr\\\/divertissements-evenementiels\\\/#primaryimage\",\"url\":\"https:\\\/\\\/i0.wp.com\\\/madgicprod.asia\\\/wp-content\\\/uploads\\\/2018\\\/10\\\/bandevent.jpg?fit=2000%2C500&ssl=1\",\"contentUrl\":\"https:\\\/\\\/i0.wp.com\\\/madgicprod.asia\\\/wp-content\\\/uploads\\\/2018\\\/10\\\/bandevent.jpg?fit=2000%2C500&ssl=1\",\"width\":\"2000\",\"height\":\"500\"},{\"@type\":\"BreadcrumbList\",\"@id\":\"https:\\\/\\\/madgicprod.asia\\\/fr\\\/divertissements-evenementiels\\\/#breadcrumb\",\"itemListElement\":[{\"@type\":\"ListItem\",\"position\":1,\"name\":\"Home\",\"item\":\"https:\\\/\\\/madgicprod.asia\\\/fr\\\/\"},{\"@type\":\"ListItem\",\"position\":2,\"name\":\"Ev\u00e9nementiel\"}]},{\"@type\":\"WebSite\",\"@id\":\"https:\\\/\\\/madgicprod.asia\\\/fr\\\/#website\",\"url\":\"https:\\\/\\\/madgicprod.asia\\\/fr\\\/\",\"name\":\"Madgicprod\",\"description\":\"Let&#039;s reveal your magic...\",\"publisher\":{\"@id\":\"https:\\\/\\\/madgicprod.asia\\\/fr\\\/#organization\"},\"potentialAction\":[{\"@type\":\"SearchAction\",\"target\":{\"@type\":\"EntryPoint\",\"urlTemplate\":\"https:\\\/\\\/madgicprod.asia\\\/fr\\\/?s={search_term_string}\"},\"query-input\":{\"@type\":\"PropertyValueSpecification\",\"valueRequired\":true,\"valueName\":\"search_term_string\"}}],\"inLanguage\":\"fr-FR\"},{\"@type\":\"Organization\",\"@id\":\"https:\\\/\\\/madgicprod.asia\\\/fr\\\/#organization\",\"name\":\"Madgicprod\",\"url\":\"https:\\\/\\\/madgicprod.asia\\\/fr\\\/\",\"logo\":{\"@type\":\"ImageObject\",\"inLanguage\":\"fr-FR\",\"@id\":\"https:\\\/\\\/madgicprod.asia\\\/fr\\\/#\\\/schema\\\/logo\\\/image\\\/\",\"url\":\"https:\\\/\\\/i0.wp.com\\\/madgicprod.asia\\\/wp-content\\\/uploads\\\/2020\\\/10\\\/madgicprod-logo-wht-1-e1603184756652.jpg?fit=659%2C182&ssl=1\",\"contentUrl\":\"https:\\\/\\\/i0.wp.com\\\/madgicprod.asia\\\/wp-content\\\/uploads\\\/2020\\\/10\\\/madgicprod-logo-wht-1-e1603184756652.jpg?fit=659%2C182&ssl=1\",\"width\":659,\"height\":182,\"caption\":\"Madgicprod\"},\"image\":{\"@id\":\"https:\\\/\\\/madgicprod.asia\\\/fr\\\/#\\\/schema\\\/logo\\\/image\\\/\"}}]}<\/script>\n<!-- \/ Yoast SEO plugin. -->","yoast_head_json":{"title":"Ev\u00e9nementiel - Madgicprod","robots":{"index":"index","follow":"follow","max-snippet":"max-snippet:-1","max-image-preview":"max-image-preview:large","max-video-preview":"max-video-preview:-1"},"canonical":"https:\/\/madgicprod.asia\/fr\/divertissements-evenementiels\/","og_locale":"fr_FR","og_type":"article","og_title":"Ev\u00e9nementiel - Madgicprod","og_description":"Nous proposons des spectacles de magie personnalis\u00e9s et exclusifs avec des formats adaptables, de la magie rapproch\u00e9e aux num\u00e9ros de sc\u00e8ne, pour des publics de 2 \u00e0 1000 personnes. Nous am\u00e9liorons l&rsquo;engagement des clients et cr\u00e9ons un lien durable avec votre marque. Nous soutenons vos messages de haut en bas et les concr\u00e9tisons de mani\u00e8re [&hellip;]","og_url":"https:\/\/madgicprod.asia\/fr\/divertissements-evenementiels\/","og_site_name":"Madgicprod","article_modified_time":"2023-08-26T09:04:12+00:00","og_image":[{"width":2000,"height":500,"url":"https:\/\/i0.wp.com\/madgicprod.asia\/wp-content\/uploads\/2018\/10\/bandevent.jpg?fit=2000%2C500&ssl=1","type":"image\/jpeg"}],"twitter_card":"summary_large_image","twitter_misc":{"Dur\u00e9e de lecture estim\u00e9e":"1 minute"},"schema":{"@context":"https:\/\/schema.org","@graph":[{"@type":"WebPage","@id":"https:\/\/madgicprod.asia\/fr\/divertissements-evenementiels\/","url":"https:\/\/madgicprod.asia\/fr\/divertissements-evenementiels\/","name":"Ev\u00e9nementiel - Madgicprod","isPartOf":{"@id":"https:\/\/madgicprod.asia\/fr\/#website"},"primaryImageOfPage":{"@id":"https:\/\/madgicprod.asia\/fr\/divertissements-evenementiels\/#primaryimage"},"image":{"@id":"https:\/\/madgicprod.asia\/fr\/divertissements-evenementiels\/#primaryimage"},"thumbnailUrl":"https:\/\/i0.wp.com\/madgicprod.asia\/wp-content\/uploads\/2018\/10\/bandevent.jpg?fit=2000%2C500&ssl=1","datePublished":"2018-09-27T08:14:17+00:00","dateModified":"2023-08-26T09:04:12+00:00","breadcrumb":{"@id":"https:\/\/madgicprod.asia\/fr\/divertissements-evenementiels\/#breadcrumb"},"inLanguage":"fr-FR","potentialAction":[{"@type":"ReadAction","target":["https:\/\/madgicprod.asia\/fr\/divertissements-evenementiels\/"]}]},{"@type":"ImageObject","inLanguage":"fr-FR","@id":"https:\/\/madgicprod.asia\/fr\/divertissements-evenementiels\/#primaryimage","url":"https:\/\/i0.wp.com\/madgicprod.asia\/wp-content\/uploads\/2018\/10\/bandevent.jpg?fit=2000%2C500&ssl=1","contentUrl":"https:\/\/i0.wp.com\/madgicprod.asia\/wp-content\/uploads\/2018\/10\/bandevent.jpg?fit=2000%2C500&ssl=1","width":"2000","height":"500"},{"@type":"BreadcrumbList","@id":"https:\/\/madgicprod.asia\/fr\/divertissements-evenementiels\/#breadcrumb","itemListElement":[{"@type":"ListItem","position":1,"name":"Home","item":"https:\/\/madgicprod.asia\/fr\/"},{"@type":"ListItem","position":2,"name":"Ev\u00e9nementiel"}]},{"@type":"WebSite","@id":"https:\/\/madgicprod.asia\/fr\/#website","url":"https:\/\/madgicprod.asia\/fr\/","name":"Madgicprod","description":"Let&#039;s reveal your magic...","publisher":{"@id":"https:\/\/madgicprod.asia\/fr\/#organization"},"potentialAction":[{"@type":"SearchAction","target":{"@type":"EntryPoint","urlTemplate":"https:\/\/madgicprod.asia\/fr\/?s={search_term_string}"},"query-input":{"@type":"PropertyValueSpecification","valueRequired":true,"valueName":"search_term_string"}}],"inLanguage":"fr-FR"},{"@type":"Organization","@id":"https:\/\/madgicprod.asia\/fr\/#organization","name":"Madgicprod","url":"https:\/\/madgicprod.asia\/fr\/","logo":{"@type":"ImageObject","inLanguage":"fr-FR","@id":"https:\/\/madgicprod.asia\/fr\/#\/schema\/logo\/image\/","url":"https:\/\/i0.wp.com\/madgicprod.asia\/wp-content\/uploads\/2020\/10\/madgicprod-logo-wht-1-e1603184756652.jpg?fit=659%2C182&ssl=1","contentUrl":"https:\/\/i0.wp.com\/madgicprod.asia\/wp-content\/uploads\/2020\/10\/madgicprod-logo-wht-1-e1603184756652.jpg?fit=659%2C182&ssl=1","width":659,"height":182,"caption":"Madgicprod"},"image":{"@id":"https:\/\/madgicprod.asia\/fr\/#\/schema\/logo\/image\/"}}]}},"jetpack_sharing_enabled":true,"jetpack_shortlink":"https:\/\/wp.me\/Pag6lm-SF","jetpack_likes_enabled":false,"_links":{"self":[{"href":"https:\/\/madgicprod.asia\/fr\/wp-json\/wp\/v2\/pages\/3389","targetHints":{"allow":["GET"]}}],"collection":[{"href":"https:\/\/madgicprod.asia\/fr\/wp-json\/wp\/v2\/pages"}],"about":[{"href":"https:\/\/madgicprod.asia\/fr\/wp-json\/wp\/v2\/types\/page"}],"author":[{"embeddable":true,"href":"https:\/\/madgicprod.asia\/fr\/wp-json\/wp\/v2\/users\/2"}],"replies":[{"embeddable":true,"href":"https:\/\/madgicprod.asia\/fr\/wp-json\/wp\/v2\/comments?post=3389"}],"version-history":[{"count":5,"href":"https:\/\/madgicprod.asia\/fr\/wp-json\/wp\/v2\/pages\/3389\/revisions"}],"predecessor-version":[{"id":3696,"href":"https:\/\/madgicprod.asia\/fr\/wp-json\/wp\/v2\/pages\/3389\/revisions\/3696"}],"wp:featuredmedia":[{"embeddable":true,"href":"https:\/\/madgicprod.asia\/fr\/wp-json\/wp\/v2\/media\/3145"}],"wp:attachment":[{"href":"https:\/\/madgicprod.asia\/fr\/wp-json\/wp\/v2\/media?parent=3389"}],"curies":[{"name":"wp","href":"https:\/\/api.w.org\/{rel}","templated":true}]}}