{"id":3394,"date":"2018-09-29T13:33:50","date_gmt":"2018-09-29T05:33:50","guid":{"rendered":"https:\/\/madgicprod.asia\/hotellerie-de-luxe-divertissement\/"},"modified":"2023-05-04T01:16:00","modified_gmt":"2023-05-03T17:16:00","slug":"hotellerie-de-luxe-divertissement","status":"publish","type":"page","link":"https:\/\/madgicprod.asia\/fr\/hotellerie-de-luxe-divertissement\/","title":{"rendered":"H\u00f4tellerie de luxe Divertissement"},"content":{"rendered":"\n<p class=\"has-text-align-center\">La premi\u00e8re marque de divertissement d\u00e9di\u00e9e \u00e0 l&rsquo;h\u00f4tellerie de luxe<\/p>\n\n<div class=\"wp-block-cover has-background-dim\"><img data-recalc-dims=\"1\" loading=\"lazy\" decoding=\"async\" width=\"1000\" height=\"596\" class=\"wp-block-cover__image-background wp-image-2380\" alt=\"\" src=\"https:\/\/i0.wp.com\/madgicprod.asia\/wp-content\/uploads\/2021\/12\/MG_3096.jpg?resize=1000%2C596&#038;ssl=1\" data-object-fit=\"cover\" srcset=\"https:\/\/i0.wp.com\/madgicprod.asia\/wp-content\/uploads\/2021\/12\/MG_3096.jpg?resize=1024%2C610&amp;ssl=1 1024w, https:\/\/i0.wp.com\/madgicprod.asia\/wp-content\/uploads\/2021\/12\/MG_3096.jpg?resize=300%2C179&amp;ssl=1 300w, https:\/\/i0.wp.com\/madgicprod.asia\/wp-content\/uploads\/2021\/12\/MG_3096.jpg?resize=150%2C89&amp;ssl=1 150w, https:\/\/i0.wp.com\/madgicprod.asia\/wp-content\/uploads\/2021\/12\/MG_3096.jpg?resize=768%2C457&amp;ssl=1 768w, https:\/\/i0.wp.com\/madgicprod.asia\/wp-content\/uploads\/2021\/12\/MG_3096.jpg?resize=1536%2C914&amp;ssl=1 1536w, https:\/\/i0.wp.com\/madgicprod.asia\/wp-content\/uploads\/2021\/12\/MG_3096.jpg?resize=2048%2C1219&amp;ssl=1 2048w, https:\/\/i0.wp.com\/madgicprod.asia\/wp-content\/uploads\/2021\/12\/MG_3096.jpg?w=3000&amp;ssl=1 3000w\" sizes=\"auto, (max-width: 1000px) 100vw, 1000px\" \/><div class=\"wp-block-cover__inner-container is-layout-flow wp-block-cover-is-layout-flow\">\n<p class=\"has-text-align-center has-large-font-size\"><a href=\"https:\/\/madgicprod.asia\/fr\/?page_id=3454\">D\u00eener Secret<\/a><\/p>\n<\/div><\/div>\n\n<div class=\"wp-block-cover has-background-dim\"><img data-recalc-dims=\"1\" loading=\"lazy\" decoding=\"async\" width=\"1000\" height=\"667\" class=\"wp-block-cover__image-background wp-image-2417\" alt=\"\" src=\"https:\/\/i0.wp.com\/madgicprod.asia\/wp-content\/uploads\/2021\/12\/LINH8374-7271-1593271818.jpg?resize=1000%2C667&#038;ssl=1\" data-object-fit=\"cover\" srcset=\"https:\/\/i0.wp.com\/madgicprod.asia\/wp-content\/uploads\/2021\/12\/LINH8374-7271-1593271818.jpg?resize=1024%2C683&amp;ssl=1 1024w, https:\/\/i0.wp.com\/madgicprod.asia\/wp-content\/uploads\/2021\/12\/LINH8374-7271-1593271818.jpg?resize=300%2C200&amp;ssl=1 300w, https:\/\/i0.wp.com\/madgicprod.asia\/wp-content\/uploads\/2021\/12\/LINH8374-7271-1593271818.jpg?resize=150%2C100&amp;ssl=1 150w, https:\/\/i0.wp.com\/madgicprod.asia\/wp-content\/uploads\/2021\/12\/LINH8374-7271-1593271818.jpg?resize=768%2C512&amp;ssl=1 768w, https:\/\/i0.wp.com\/madgicprod.asia\/wp-content\/uploads\/2021\/12\/LINH8374-7271-1593271818.jpg?w=1200&amp;ssl=1 1200w\" sizes=\"auto, (max-width: 1000px) 100vw, 1000px\" \/><div class=\"wp-block-cover__inner-container is-layout-flow wp-block-cover-is-layout-flow\">\n<p class=\"has-text-align-center has-large-font-size\"><a href=\"https:\/\/madgicprod.asia\/fr\/?page_id=3391\">Champagne Secret<\/a><\/p>\n<\/div><\/div>\n\n<div class=\"wp-block-cover has-background-dim\"><img data-recalc-dims=\"1\" loading=\"lazy\" decoding=\"async\" width=\"1000\" height=\"563\" class=\"wp-block-cover__image-background wp-image-2406\" alt=\"\" src=\"https:\/\/i0.wp.com\/madgicprod.asia\/wp-content\/uploads\/2021\/12\/cover1.jpg?resize=1000%2C563&#038;ssl=1\" data-object-fit=\"cover\" srcset=\"https:\/\/i0.wp.com\/madgicprod.asia\/wp-content\/uploads\/2021\/12\/cover1.jpg?resize=1024%2C576&amp;ssl=1 1024w, https:\/\/i0.wp.com\/madgicprod.asia\/wp-content\/uploads\/2021\/12\/cover1.jpg?resize=300%2C169&amp;ssl=1 300w, https:\/\/i0.wp.com\/madgicprod.asia\/wp-content\/uploads\/2021\/12\/cover1.jpg?resize=150%2C84&amp;ssl=1 150w, https:\/\/i0.wp.com\/madgicprod.asia\/wp-content\/uploads\/2021\/12\/cover1.jpg?resize=768%2C432&amp;ssl=1 768w, https:\/\/i0.wp.com\/madgicprod.asia\/wp-content\/uploads\/2021\/12\/cover1.jpg?resize=800%2C450&amp;ssl=1 800w, https:\/\/i0.wp.com\/madgicprod.asia\/wp-content\/uploads\/2021\/12\/cover1.jpg?resize=413%2C232&amp;ssl=1 413w, https:\/\/i0.wp.com\/madgicprod.asia\/wp-content\/uploads\/2021\/12\/cover1.jpg?w=1280&amp;ssl=1 1280w\" sizes=\"auto, (max-width: 1000px) 100vw, 1000px\" \/><div class=\"wp-block-cover__inner-container is-layout-flow wp-block-cover-is-layout-flow\">\n<p class=\"has-text-align-center has-large-font-size\"><a href=\"https:\/\/madgicprod.asia\/fr\/?page_id=3433\">Madgic@<\/a><\/p>\n<\/div><\/div>\n<h3 style=\"text-align: center;\"> <\/h3>\n<\/p>\n<p>Nous sommes fiers de vous pr\u00e9senter les<strong> premi\u00e8res exp\u00e9riences de divertissement <\/strong><strong>con\u00e7ues sp\u00e9cifiquement pour l&rsquo;h\u00f4tellerie de luxe<\/strong>.<br \/>Ce sont des exp\u00e9riences<strong>\u00e9l\u00e9gantes, originales, surprenantes et universelles<\/strong> qui peuvent \u00eatre adapt\u00e9es \u00e0 vos besoins : <strong>un moment unique que les invit\u00e9s ont le sentiment, eux seuls <\/strong>, d&rsquo;<strong>avoir partag\u00e9<\/strong>.<br \/>Il s&rsquo;agit d&rsquo;exp\u00e9riences totalement immersives.<\/p>\n<p class=\"p1\"><img data-recalc-dims=\"1\" loading=\"lazy\" decoding=\"async\" class=\"alignnone size-full wp-image-438\" src=\"https:\/\/i0.wp.com\/madgicprod.asia\/wp-content\/uploads\/2018\/09\/hpa_vogue_nov7-page-001.jpg?resize=1000%2C2215&#038;ssl=1\" alt=\"\" width=\"1000\" height=\"2215\"><\/p>\n","protected":false},"excerpt":{"rendered":"<p>La premi\u00e8re marque de divertissement d\u00e9di\u00e9e \u00e0 l&rsquo;h\u00f4tellerie de luxe Nous sommes fiers de vous pr\u00e9senter les premi\u00e8res exp\u00e9riences de divertissement con\u00e7ues sp\u00e9cifiquement pour l&rsquo;h\u00f4tellerie de luxe.Ce sont des exp\u00e9riences\u00e9l\u00e9gantes, originales, surprenantes et universelles qui peuvent \u00eatre adapt\u00e9es \u00e0 vos besoins : un moment unique que les invit\u00e9s ont le sentiment, eux seuls , d&rsquo;avoir <\/p>\n","protected":false},"author":2,"featured_media":3144,"parent":0,"menu_order":0,"comment_status":"closed","ping_status":"closed","template":"","meta":{"jetpack_post_was_ever_published":true,"footnotes":""},"class_list":["post-3394","page","type-page","status-publish","has-post-thumbnail","hentry"],"yoast_head":"<!-- This site is optimized with the Yoast SEO plugin v27.3 - https:\/\/yoast.com\/product\/yoast-seo-wordpress\/ -->\n<title>H\u00f4tellerie de luxe Divertissement - Madgicprod<\/title>\n<meta name=\"robots\" content=\"index, follow, max-snippet:-1, max-image-preview:large, max-video-preview:-1\" \/>\n<link rel=\"canonical\" href=\"https:\/\/madgicprod.asia\/fr\/hotellerie-de-luxe-divertissement\/\" \/>\n<meta property=\"og:locale\" content=\"fr_FR\" \/>\n<meta property=\"og:type\" content=\"article\" \/>\n<meta property=\"og:title\" content=\"H\u00f4tellerie de luxe Divertissement - Madgicprod\" \/>\n<meta property=\"og:description\" content=\"La premi\u00e8re marque de divertissement d\u00e9di\u00e9e \u00e0 l&rsquo;h\u00f4tellerie de luxe Nous sommes fiers de vous pr\u00e9senter les premi\u00e8res exp\u00e9riences de divertissement con\u00e7ues sp\u00e9cifiquement pour l&rsquo;h\u00f4tellerie de luxe.Ce sont des exp\u00e9riences\u00e9l\u00e9gantes, originales, surprenantes et universelles qui peuvent \u00eatre adapt\u00e9es \u00e0 vos besoins : un moment unique que les invit\u00e9s ont le sentiment, eux seuls , d&rsquo;avoir [&hellip;]\" \/>\n<meta property=\"og:url\" content=\"https:\/\/madgicprod.asia\/fr\/hotellerie-de-luxe-divertissement\/\" \/>\n<meta property=\"og:site_name\" content=\"Madgicprod\" \/>\n<meta property=\"article:modified_time\" content=\"2023-05-03T17:16:00+00:00\" \/>\n<meta property=\"og:image\" content=\"https:\/\/madgicprod.asia\/wp-content\/uploads\/2018\/10\/bandds.jpg\" \/>\n\t<meta property=\"og:image:width\" content=\"2000\" \/>\n\t<meta property=\"og:image:height\" content=\"500\" \/>\n\t<meta property=\"og:image:type\" content=\"image\/jpeg\" \/>\n<meta name=\"twitter:card\" content=\"summary_large_image\" \/>\n<meta name=\"twitter:label1\" content=\"Dur\u00e9e de lecture estim\u00e9e\" \/>\n\t<meta name=\"twitter:data1\" content=\"2 minutes\" \/>\n<script type=\"application\/ld+json\" class=\"yoast-schema-graph\">{\"@context\":\"https:\\\/\\\/schema.org\",\"@graph\":[{\"@type\":\"WebPage\",\"@id\":\"https:\\\/\\\/madgicprod.asia\\\/fr\\\/hotellerie-de-luxe-divertissement\\\/\",\"url\":\"https:\\\/\\\/madgicprod.asia\\\/fr\\\/hotellerie-de-luxe-divertissement\\\/\",\"name\":\"H\u00f4tellerie de luxe Divertissement - Madgicprod\",\"isPartOf\":{\"@id\":\"https:\\\/\\\/madgicprod.asia\\\/fr\\\/#website\"},\"primaryImageOfPage\":{\"@id\":\"https:\\\/\\\/madgicprod.asia\\\/fr\\\/hotellerie-de-luxe-divertissement\\\/#primaryimage\"},\"image\":{\"@id\":\"https:\\\/\\\/madgicprod.asia\\\/fr\\\/hotellerie-de-luxe-divertissement\\\/#primaryimage\"},\"thumbnailUrl\":\"https:\\\/\\\/i0.wp.com\\\/madgicprod.asia\\\/wp-content\\\/uploads\\\/2018\\\/10\\\/bandds.jpg?fit=2000%2C500&ssl=1\",\"datePublished\":\"2018-09-29T05:33:50+00:00\",\"dateModified\":\"2023-05-03T17:16:00+00:00\",\"breadcrumb\":{\"@id\":\"https:\\\/\\\/madgicprod.asia\\\/fr\\\/hotellerie-de-luxe-divertissement\\\/#breadcrumb\"},\"inLanguage\":\"fr-FR\",\"potentialAction\":[{\"@type\":\"ReadAction\",\"target\":[\"https:\\\/\\\/madgicprod.asia\\\/fr\\\/hotellerie-de-luxe-divertissement\\\/\"]}]},{\"@type\":\"ImageObject\",\"inLanguage\":\"fr-FR\",\"@id\":\"https:\\\/\\\/madgicprod.asia\\\/fr\\\/hotellerie-de-luxe-divertissement\\\/#primaryimage\",\"url\":\"https:\\\/\\\/i0.wp.com\\\/madgicprod.asia\\\/wp-content\\\/uploads\\\/2018\\\/10\\\/bandds.jpg?fit=2000%2C500&ssl=1\",\"contentUrl\":\"https:\\\/\\\/i0.wp.com\\\/madgicprod.asia\\\/wp-content\\\/uploads\\\/2018\\\/10\\\/bandds.jpg?fit=2000%2C500&ssl=1\",\"width\":\"2000\",\"height\":\"500\"},{\"@type\":\"BreadcrumbList\",\"@id\":\"https:\\\/\\\/madgicprod.asia\\\/fr\\\/hotellerie-de-luxe-divertissement\\\/#breadcrumb\",\"itemListElement\":[{\"@type\":\"ListItem\",\"position\":1,\"name\":\"Home\",\"item\":\"https:\\\/\\\/madgicprod.asia\\\/fr\\\/\"},{\"@type\":\"ListItem\",\"position\":2,\"name\":\"H\u00f4tellerie de luxe Divertissement\"}]},{\"@type\":\"WebSite\",\"@id\":\"https:\\\/\\\/madgicprod.asia\\\/fr\\\/#website\",\"url\":\"https:\\\/\\\/madgicprod.asia\\\/fr\\\/\",\"name\":\"Madgicprod\",\"description\":\"Let&#039;s reveal your magic...\",\"publisher\":{\"@id\":\"https:\\\/\\\/madgicprod.asia\\\/fr\\\/#organization\"},\"potentialAction\":[{\"@type\":\"SearchAction\",\"target\":{\"@type\":\"EntryPoint\",\"urlTemplate\":\"https:\\\/\\\/madgicprod.asia\\\/fr\\\/?s={search_term_string}\"},\"query-input\":{\"@type\":\"PropertyValueSpecification\",\"valueRequired\":true,\"valueName\":\"search_term_string\"}}],\"inLanguage\":\"fr-FR\"},{\"@type\":\"Organization\",\"@id\":\"https:\\\/\\\/madgicprod.asia\\\/fr\\\/#organization\",\"name\":\"Madgicprod\",\"url\":\"https:\\\/\\\/madgicprod.asia\\\/fr\\\/\",\"logo\":{\"@type\":\"ImageObject\",\"inLanguage\":\"fr-FR\",\"@id\":\"https:\\\/\\\/madgicprod.asia\\\/fr\\\/#\\\/schema\\\/logo\\\/image\\\/\",\"url\":\"https:\\\/\\\/i0.wp.com\\\/madgicprod.asia\\\/wp-content\\\/uploads\\\/2020\\\/10\\\/madgicprod-logo-wht-1-e1603184756652.jpg?fit=659%2C182&ssl=1\",\"contentUrl\":\"https:\\\/\\\/i0.wp.com\\\/madgicprod.asia\\\/wp-content\\\/uploads\\\/2020\\\/10\\\/madgicprod-logo-wht-1-e1603184756652.jpg?fit=659%2C182&ssl=1\",\"width\":659,\"height\":182,\"caption\":\"Madgicprod\"},\"image\":{\"@id\":\"https:\\\/\\\/madgicprod.asia\\\/fr\\\/#\\\/schema\\\/logo\\\/image\\\/\"}}]}<\/script>\n<!-- \/ Yoast SEO plugin. -->","yoast_head_json":{"title":"H\u00f4tellerie de luxe Divertissement - Madgicprod","robots":{"index":"index","follow":"follow","max-snippet":"max-snippet:-1","max-image-preview":"max-image-preview:large","max-video-preview":"max-video-preview:-1"},"canonical":"https:\/\/madgicprod.asia\/fr\/hotellerie-de-luxe-divertissement\/","og_locale":"fr_FR","og_type":"article","og_title":"H\u00f4tellerie de luxe Divertissement - Madgicprod","og_description":"La premi\u00e8re marque de divertissement d\u00e9di\u00e9e \u00e0 l&rsquo;h\u00f4tellerie de luxe Nous sommes fiers de vous pr\u00e9senter les premi\u00e8res exp\u00e9riences de divertissement con\u00e7ues sp\u00e9cifiquement pour l&rsquo;h\u00f4tellerie de luxe.Ce sont des exp\u00e9riences\u00e9l\u00e9gantes, originales, surprenantes et universelles qui peuvent \u00eatre adapt\u00e9es \u00e0 vos besoins : un moment unique que les invit\u00e9s ont le sentiment, eux seuls , d&rsquo;avoir [&hellip;]","og_url":"https:\/\/madgicprod.asia\/fr\/hotellerie-de-luxe-divertissement\/","og_site_name":"Madgicprod","article_modified_time":"2023-05-03T17:16:00+00:00","og_image":[{"width":2000,"height":500,"url":"https:\/\/madgicprod.asia\/wp-content\/uploads\/2018\/10\/bandds.jpg","type":"image\/jpeg"}],"twitter_card":"summary_large_image","twitter_misc":{"Dur\u00e9e de lecture estim\u00e9e":"2 minutes"},"schema":{"@context":"https:\/\/schema.org","@graph":[{"@type":"WebPage","@id":"https:\/\/madgicprod.asia\/fr\/hotellerie-de-luxe-divertissement\/","url":"https:\/\/madgicprod.asia\/fr\/hotellerie-de-luxe-divertissement\/","name":"H\u00f4tellerie de luxe Divertissement - Madgicprod","isPartOf":{"@id":"https:\/\/madgicprod.asia\/fr\/#website"},"primaryImageOfPage":{"@id":"https:\/\/madgicprod.asia\/fr\/hotellerie-de-luxe-divertissement\/#primaryimage"},"image":{"@id":"https:\/\/madgicprod.asia\/fr\/hotellerie-de-luxe-divertissement\/#primaryimage"},"thumbnailUrl":"https:\/\/i0.wp.com\/madgicprod.asia\/wp-content\/uploads\/2018\/10\/bandds.jpg?fit=2000%2C500&ssl=1","datePublished":"2018-09-29T05:33:50+00:00","dateModified":"2023-05-03T17:16:00+00:00","breadcrumb":{"@id":"https:\/\/madgicprod.asia\/fr\/hotellerie-de-luxe-divertissement\/#breadcrumb"},"inLanguage":"fr-FR","potentialAction":[{"@type":"ReadAction","target":["https:\/\/madgicprod.asia\/fr\/hotellerie-de-luxe-divertissement\/"]}]},{"@type":"ImageObject","inLanguage":"fr-FR","@id":"https:\/\/madgicprod.asia\/fr\/hotellerie-de-luxe-divertissement\/#primaryimage","url":"https:\/\/i0.wp.com\/madgicprod.asia\/wp-content\/uploads\/2018\/10\/bandds.jpg?fit=2000%2C500&ssl=1","contentUrl":"https:\/\/i0.wp.com\/madgicprod.asia\/wp-content\/uploads\/2018\/10\/bandds.jpg?fit=2000%2C500&ssl=1","width":"2000","height":"500"},{"@type":"BreadcrumbList","@id":"https:\/\/madgicprod.asia\/fr\/hotellerie-de-luxe-divertissement\/#breadcrumb","itemListElement":[{"@type":"ListItem","position":1,"name":"Home","item":"https:\/\/madgicprod.asia\/fr\/"},{"@type":"ListItem","position":2,"name":"H\u00f4tellerie de luxe Divertissement"}]},{"@type":"WebSite","@id":"https:\/\/madgicprod.asia\/fr\/#website","url":"https:\/\/madgicprod.asia\/fr\/","name":"Madgicprod","description":"Let&#039;s reveal your magic...","publisher":{"@id":"https:\/\/madgicprod.asia\/fr\/#organization"},"potentialAction":[{"@type":"SearchAction","target":{"@type":"EntryPoint","urlTemplate":"https:\/\/madgicprod.asia\/fr\/?s={search_term_string}"},"query-input":{"@type":"PropertyValueSpecification","valueRequired":true,"valueName":"search_term_string"}}],"inLanguage":"fr-FR"},{"@type":"Organization","@id":"https:\/\/madgicprod.asia\/fr\/#organization","name":"Madgicprod","url":"https:\/\/madgicprod.asia\/fr\/","logo":{"@type":"ImageObject","inLanguage":"fr-FR","@id":"https:\/\/madgicprod.asia\/fr\/#\/schema\/logo\/image\/","url":"https:\/\/i0.wp.com\/madgicprod.asia\/wp-content\/uploads\/2020\/10\/madgicprod-logo-wht-1-e1603184756652.jpg?fit=659%2C182&ssl=1","contentUrl":"https:\/\/i0.wp.com\/madgicprod.asia\/wp-content\/uploads\/2020\/10\/madgicprod-logo-wht-1-e1603184756652.jpg?fit=659%2C182&ssl=1","width":659,"height":182,"caption":"Madgicprod"},"image":{"@id":"https:\/\/madgicprod.asia\/fr\/#\/schema\/logo\/image\/"}}]}},"jetpack_sharing_enabled":true,"jetpack_shortlink":"https:\/\/wp.me\/Pag6lm-SK","jetpack_likes_enabled":false,"_links":{"self":[{"href":"https:\/\/madgicprod.asia\/fr\/wp-json\/wp\/v2\/pages\/3394","targetHints":{"allow":["GET"]}}],"collection":[{"href":"https:\/\/madgicprod.asia\/fr\/wp-json\/wp\/v2\/pages"}],"about":[{"href":"https:\/\/madgicprod.asia\/fr\/wp-json\/wp\/v2\/types\/page"}],"author":[{"embeddable":true,"href":"https:\/\/madgicprod.asia\/fr\/wp-json\/wp\/v2\/users\/2"}],"replies":[{"embeddable":true,"href":"https:\/\/madgicprod.asia\/fr\/wp-json\/wp\/v2\/comments?post=3394"}],"version-history":[{"count":5,"href":"https:\/\/madgicprod.asia\/fr\/wp-json\/wp\/v2\/pages\/3394\/revisions"}],"predecessor-version":[{"id":3519,"href":"https:\/\/madgicprod.asia\/fr\/wp-json\/wp\/v2\/pages\/3394\/revisions\/3519"}],"wp:featuredmedia":[{"embeddable":true,"href":"https:\/\/madgicprod.asia\/fr\/wp-json\/wp\/v2\/media\/3144"}],"wp:attachment":[{"href":"https:\/\/madgicprod.asia\/fr\/wp-json\/wp\/v2\/media?parent=3394"}],"curies":[{"name":"wp","href":"https:\/\/api.w.org\/{rel}","templated":true}]}}