{"id":3409,"date":"2021-11-30T01:12:02","date_gmt":"2021-11-29T17:12:02","guid":{"rendered":"https:\/\/madgicprod.asia\/agence-madgic\/"},"modified":"2023-05-03T15:53:50","modified_gmt":"2023-05-03T07:53:50","slug":"agence-madgic","status":"publish","type":"page","link":"https:\/\/madgicprod.asia\/fr\/agence-madgic\/","title":{"rendered":"Agence Talents"},"content":{"rendered":"\n<p><strong>Madgicprod <\/strong>repr\u00e9sente les meilleurs magiciens pour vos prochains \u00e9v\u00e9nements, partout dans le monde.<\/p>\n\n\n\n<div class=\"wp-block-cover aligncenter\" style=\"min-height:100vh;aspect-ratio:unset;\"><span aria-hidden=\"true\" class=\"wp-block-cover__background has-background-dim\"><\/span><img data-recalc-dims=\"1\" loading=\"lazy\" decoding=\"async\" width=\"1000\" height=\"563\" class=\"wp-block-cover__image-background wp-image-2211\" alt=\"\" src=\"https:\/\/i0.wp.com\/madgicprod.asia\/wp-content\/uploads\/2021\/11\/Team-Madgicprod-VN.jpg?resize=1000%2C563&#038;ssl=1\" data-object-fit=\"cover\" srcset=\"https:\/\/i0.wp.com\/madgicprod.asia\/wp-content\/uploads\/2021\/11\/Team-Madgicprod-VN.jpg?resize=1024%2C576&amp;ssl=1 1024w, https:\/\/i0.wp.com\/madgicprod.asia\/wp-content\/uploads\/2021\/11\/Team-Madgicprod-VN.jpg?resize=300%2C169&amp;ssl=1 300w, https:\/\/i0.wp.com\/madgicprod.asia\/wp-content\/uploads\/2021\/11\/Team-Madgicprod-VN.jpg?resize=150%2C84&amp;ssl=1 150w, https:\/\/i0.wp.com\/madgicprod.asia\/wp-content\/uploads\/2021\/11\/Team-Madgicprod-VN.jpg?resize=768%2C432&amp;ssl=1 768w, https:\/\/i0.wp.com\/madgicprod.asia\/wp-content\/uploads\/2021\/11\/Team-Madgicprod-VN.jpg?resize=800%2C450&amp;ssl=1 800w, https:\/\/i0.wp.com\/madgicprod.asia\/wp-content\/uploads\/2021\/11\/Team-Madgicprod-VN.jpg?resize=413%2C232&amp;ssl=1 413w, https:\/\/i0.wp.com\/madgicprod.asia\/wp-content\/uploads\/2021\/11\/Team-Madgicprod-VN.jpg?w=1280&amp;ssl=1 1280w\" sizes=\"auto, (max-width: 1000px) 100vw, 1000px\" \/><div class=\"wp-block-cover__inner-container is-layout-flow wp-block-cover-is-layout-flow\">\n<p class=\"has-text-align-center has-large-font-size\"><a href=\"https:\/\/madgicprod.asia\/fr\/?page_id=3408\">VIETNAM<\/a><\/p>\n<\/div><\/div>\n\n\n\n<p><\/p>\n\n\n\n<div class=\"wp-block-columns are-vertically-aligned-top is-layout-flex wp-container-core-columns-is-layout-9d6595d7 wp-block-columns-is-layout-flex\">\n<div class=\"wp-block-column is-vertically-aligned-top is-layout-flow wp-block-column-is-layout-flow\" style=\"flex-basis:100%\">\n<div class=\"wp-block-columns is-layout-flex wp-container-core-columns-is-layout-9d6595d7 wp-block-columns-is-layout-flex\">\n<div class=\"wp-block-column is-layout-flow wp-block-column-is-layout-flow\" style=\"flex-basis:100%\">\n<div class=\"wp-block-cover\" style=\"min-height:100vh;aspect-ratio:unset;\"><span aria-hidden=\"true\" class=\"wp-block-cover__background has-background-dim\"><\/span><img data-recalc-dims=\"1\" loading=\"lazy\" decoding=\"async\" width=\"1000\" height=\"1000\" class=\"wp-block-cover__image-background wp-image-2223\" alt=\"\" src=\"https:\/\/i0.wp.com\/madgicprod.asia\/wp-content\/uploads\/2021\/11\/Team-HK.jpg?resize=1000%2C1000&#038;ssl=1\" data-object-fit=\"cover\" srcset=\"https:\/\/i0.wp.com\/madgicprod.asia\/wp-content\/uploads\/2021\/11\/Team-HK.jpg?resize=1024%2C1024&amp;ssl=1 1024w, https:\/\/i0.wp.com\/madgicprod.asia\/wp-content\/uploads\/2021\/11\/Team-HK.jpg?resize=300%2C300&amp;ssl=1 300w, https:\/\/i0.wp.com\/madgicprod.asia\/wp-content\/uploads\/2021\/11\/Team-HK.jpg?resize=150%2C150&amp;ssl=1 150w, https:\/\/i0.wp.com\/madgicprod.asia\/wp-content\/uploads\/2021\/11\/Team-HK.jpg?resize=768%2C768&amp;ssl=1 768w, https:\/\/i0.wp.com\/madgicprod.asia\/wp-content\/uploads\/2021\/11\/Team-HK.jpg?resize=1536%2C1536&amp;ssl=1 1536w, https:\/\/i0.wp.com\/madgicprod.asia\/wp-content\/uploads\/2021\/11\/Team-HK.jpg?resize=2048%2C2048&amp;ssl=1 2048w, https:\/\/i0.wp.com\/madgicprod.asia\/wp-content\/uploads\/2021\/11\/Team-HK.jpg?resize=120%2C120&amp;ssl=1 120w, https:\/\/i0.wp.com\/madgicprod.asia\/wp-content\/uploads\/2021\/11\/Team-HK.jpg?resize=50%2C50&amp;ssl=1 50w, https:\/\/i0.wp.com\/madgicprod.asia\/wp-content\/uploads\/2021\/11\/Team-HK.jpg?w=3000&amp;ssl=1 3000w\" sizes=\"auto, (max-width: 1000px) 100vw, 1000px\" \/><div class=\"wp-block-cover__inner-container is-layout-flow wp-block-cover-is-layout-flow\">\n<p class=\"has-text-align-center has-large-font-size\"><a href=\"https:\/\/madgicprod.asia\/fr\/?page_id=3449\">HONG KONG<\/a><\/p>\n<\/div><\/div>\n<\/div>\n<\/div>\n<\/div>\n<\/div>\n","protected":false},"excerpt":{"rendered":"<p>Madgicprod repr\u00e9sente les meilleurs magiciens pour vos prochains \u00e9v\u00e9nements, partout dans le monde.<\/p>\n","protected":false},"author":2,"featured_media":3144,"parent":0,"menu_order":0,"comment_status":"closed","ping_status":"closed","template":"","meta":{"footnotes":""},"class_list":["post-3409","page","type-page","status-publish","has-post-thumbnail","hentry"],"yoast_head":"<!-- This site is optimized with the Yoast SEO plugin v27.5 - https:\/\/yoast.com\/product\/yoast-seo-wordpress\/ -->\n<title>Agence Talents - Madgicprod<\/title>\n<meta name=\"robots\" content=\"index, follow, max-snippet:-1, max-image-preview:large, max-video-preview:-1\" \/>\n<link rel=\"canonical\" href=\"https:\/\/madgicprod.asia\/fr\/agence-madgic\/\" \/>\n<meta property=\"og:locale\" content=\"fr_FR\" \/>\n<meta property=\"og:type\" content=\"article\" \/>\n<meta property=\"og:title\" content=\"Agence Talents - Madgicprod\" \/>\n<meta property=\"og:description\" content=\"Madgicprod repr\u00e9sente les meilleurs magiciens pour vos prochains \u00e9v\u00e9nements, partout dans le monde.\" \/>\n<meta property=\"og:url\" content=\"https:\/\/madgicprod.asia\/fr\/agence-madgic\/\" \/>\n<meta property=\"og:site_name\" content=\"Madgicprod\" \/>\n<meta property=\"article:modified_time\" content=\"2023-05-03T07:53:50+00:00\" \/>\n<meta property=\"og:image\" content=\"https:\/\/madgicprod.asia\/wp-content\/uploads\/2018\/10\/bandds.jpg\" \/>\n\t<meta property=\"og:image:width\" content=\"2000\" \/>\n\t<meta property=\"og:image:height\" content=\"500\" \/>\n\t<meta property=\"og:image:type\" content=\"image\/jpeg\" \/>\n<meta name=\"twitter:card\" content=\"summary_large_image\" \/>\n<meta name=\"twitter:label1\" content=\"Dur\u00e9e de lecture estim\u00e9e\" \/>\n\t<meta name=\"twitter:data1\" content=\"1 minute\" \/>\n<script type=\"application\/ld+json\" class=\"yoast-schema-graph\">{\"@context\":\"https:\\\/\\\/schema.org\",\"@graph\":[{\"@type\":\"WebPage\",\"@id\":\"https:\\\/\\\/madgicprod.asia\\\/fr\\\/agence-madgic\\\/\",\"url\":\"https:\\\/\\\/madgicprod.asia\\\/fr\\\/agence-madgic\\\/\",\"name\":\"Agence Talents - Madgicprod\",\"isPartOf\":{\"@id\":\"https:\\\/\\\/madgicprod.asia\\\/fr\\\/#website\"},\"primaryImageOfPage\":{\"@id\":\"https:\\\/\\\/madgicprod.asia\\\/fr\\\/agence-madgic\\\/#primaryimage\"},\"image\":{\"@id\":\"https:\\\/\\\/madgicprod.asia\\\/fr\\\/agence-madgic\\\/#primaryimage\"},\"thumbnailUrl\":\"https:\\\/\\\/i0.wp.com\\\/madgicprod.asia\\\/wp-content\\\/uploads\\\/2018\\\/10\\\/bandds.jpg?fit=2000%2C500&ssl=1\",\"datePublished\":\"2021-11-29T17:12:02+00:00\",\"dateModified\":\"2023-05-03T07:53:50+00:00\",\"breadcrumb\":{\"@id\":\"https:\\\/\\\/madgicprod.asia\\\/fr\\\/agence-madgic\\\/#breadcrumb\"},\"inLanguage\":\"fr-FR\",\"potentialAction\":[{\"@type\":\"ReadAction\",\"target\":[\"https:\\\/\\\/madgicprod.asia\\\/fr\\\/agence-madgic\\\/\"]}]},{\"@type\":\"ImageObject\",\"inLanguage\":\"fr-FR\",\"@id\":\"https:\\\/\\\/madgicprod.asia\\\/fr\\\/agence-madgic\\\/#primaryimage\",\"url\":\"https:\\\/\\\/i0.wp.com\\\/madgicprod.asia\\\/wp-content\\\/uploads\\\/2018\\\/10\\\/bandds.jpg?fit=2000%2C500&ssl=1\",\"contentUrl\":\"https:\\\/\\\/i0.wp.com\\\/madgicprod.asia\\\/wp-content\\\/uploads\\\/2018\\\/10\\\/bandds.jpg?fit=2000%2C500&ssl=1\",\"width\":\"2000\",\"height\":\"500\"},{\"@type\":\"BreadcrumbList\",\"@id\":\"https:\\\/\\\/madgicprod.asia\\\/fr\\\/agence-madgic\\\/#breadcrumb\",\"itemListElement\":[{\"@type\":\"ListItem\",\"position\":1,\"name\":\"Home\",\"item\":\"https:\\\/\\\/madgicprod.asia\\\/fr\\\/\"},{\"@type\":\"ListItem\",\"position\":2,\"name\":\"Agence Talents\"}]},{\"@type\":\"WebSite\",\"@id\":\"https:\\\/\\\/madgicprod.asia\\\/fr\\\/#website\",\"url\":\"https:\\\/\\\/madgicprod.asia\\\/fr\\\/\",\"name\":\"Madgicprod\",\"description\":\"Let&#039;s reveal your magic...\",\"publisher\":{\"@id\":\"https:\\\/\\\/madgicprod.asia\\\/fr\\\/#organization\"},\"potentialAction\":[{\"@type\":\"SearchAction\",\"target\":{\"@type\":\"EntryPoint\",\"urlTemplate\":\"https:\\\/\\\/madgicprod.asia\\\/fr\\\/?s={search_term_string}\"},\"query-input\":{\"@type\":\"PropertyValueSpecification\",\"valueRequired\":true,\"valueName\":\"search_term_string\"}}],\"inLanguage\":\"fr-FR\"},{\"@type\":\"Organization\",\"@id\":\"https:\\\/\\\/madgicprod.asia\\\/fr\\\/#organization\",\"name\":\"Madgicprod\",\"url\":\"https:\\\/\\\/madgicprod.asia\\\/fr\\\/\",\"logo\":{\"@type\":\"ImageObject\",\"inLanguage\":\"fr-FR\",\"@id\":\"https:\\\/\\\/madgicprod.asia\\\/fr\\\/#\\\/schema\\\/logo\\\/image\\\/\",\"url\":\"https:\\\/\\\/i0.wp.com\\\/madgicprod.asia\\\/wp-content\\\/uploads\\\/2020\\\/10\\\/madgicprod-logo-wht-1-e1603184756652.jpg?fit=659%2C182&ssl=1\",\"contentUrl\":\"https:\\\/\\\/i0.wp.com\\\/madgicprod.asia\\\/wp-content\\\/uploads\\\/2020\\\/10\\\/madgicprod-logo-wht-1-e1603184756652.jpg?fit=659%2C182&ssl=1\",\"width\":659,\"height\":182,\"caption\":\"Madgicprod\"},\"image\":{\"@id\":\"https:\\\/\\\/madgicprod.asia\\\/fr\\\/#\\\/schema\\\/logo\\\/image\\\/\"}}]}<\/script>\n<!-- \/ Yoast SEO plugin. -->","yoast_head_json":{"title":"Agence Talents - Madgicprod","robots":{"index":"index","follow":"follow","max-snippet":"max-snippet:-1","max-image-preview":"max-image-preview:large","max-video-preview":"max-video-preview:-1"},"canonical":"https:\/\/madgicprod.asia\/fr\/agence-madgic\/","og_locale":"fr_FR","og_type":"article","og_title":"Agence Talents - Madgicprod","og_description":"Madgicprod repr\u00e9sente les meilleurs magiciens pour vos prochains \u00e9v\u00e9nements, partout dans le monde.","og_url":"https:\/\/madgicprod.asia\/fr\/agence-madgic\/","og_site_name":"Madgicprod","article_modified_time":"2023-05-03T07:53:50+00:00","og_image":[{"width":2000,"height":500,"url":"https:\/\/madgicprod.asia\/wp-content\/uploads\/2018\/10\/bandds.jpg","type":"image\/jpeg"}],"twitter_card":"summary_large_image","twitter_misc":{"Dur\u00e9e de lecture estim\u00e9e":"1 minute"},"schema":{"@context":"https:\/\/schema.org","@graph":[{"@type":"WebPage","@id":"https:\/\/madgicprod.asia\/fr\/agence-madgic\/","url":"https:\/\/madgicprod.asia\/fr\/agence-madgic\/","name":"Agence Talents - Madgicprod","isPartOf":{"@id":"https:\/\/madgicprod.asia\/fr\/#website"},"primaryImageOfPage":{"@id":"https:\/\/madgicprod.asia\/fr\/agence-madgic\/#primaryimage"},"image":{"@id":"https:\/\/madgicprod.asia\/fr\/agence-madgic\/#primaryimage"},"thumbnailUrl":"https:\/\/i0.wp.com\/madgicprod.asia\/wp-content\/uploads\/2018\/10\/bandds.jpg?fit=2000%2C500&ssl=1","datePublished":"2021-11-29T17:12:02+00:00","dateModified":"2023-05-03T07:53:50+00:00","breadcrumb":{"@id":"https:\/\/madgicprod.asia\/fr\/agence-madgic\/#breadcrumb"},"inLanguage":"fr-FR","potentialAction":[{"@type":"ReadAction","target":["https:\/\/madgicprod.asia\/fr\/agence-madgic\/"]}]},{"@type":"ImageObject","inLanguage":"fr-FR","@id":"https:\/\/madgicprod.asia\/fr\/agence-madgic\/#primaryimage","url":"https:\/\/i0.wp.com\/madgicprod.asia\/wp-content\/uploads\/2018\/10\/bandds.jpg?fit=2000%2C500&ssl=1","contentUrl":"https:\/\/i0.wp.com\/madgicprod.asia\/wp-content\/uploads\/2018\/10\/bandds.jpg?fit=2000%2C500&ssl=1","width":"2000","height":"500"},{"@type":"BreadcrumbList","@id":"https:\/\/madgicprod.asia\/fr\/agence-madgic\/#breadcrumb","itemListElement":[{"@type":"ListItem","position":1,"name":"Home","item":"https:\/\/madgicprod.asia\/fr\/"},{"@type":"ListItem","position":2,"name":"Agence Talents"}]},{"@type":"WebSite","@id":"https:\/\/madgicprod.asia\/fr\/#website","url":"https:\/\/madgicprod.asia\/fr\/","name":"Madgicprod","description":"Let&#039;s reveal your magic...","publisher":{"@id":"https:\/\/madgicprod.asia\/fr\/#organization"},"potentialAction":[{"@type":"SearchAction","target":{"@type":"EntryPoint","urlTemplate":"https:\/\/madgicprod.asia\/fr\/?s={search_term_string}"},"query-input":{"@type":"PropertyValueSpecification","valueRequired":true,"valueName":"search_term_string"}}],"inLanguage":"fr-FR"},{"@type":"Organization","@id":"https:\/\/madgicprod.asia\/fr\/#organization","name":"Madgicprod","url":"https:\/\/madgicprod.asia\/fr\/","logo":{"@type":"ImageObject","inLanguage":"fr-FR","@id":"https:\/\/madgicprod.asia\/fr\/#\/schema\/logo\/image\/","url":"https:\/\/i0.wp.com\/madgicprod.asia\/wp-content\/uploads\/2020\/10\/madgicprod-logo-wht-1-e1603184756652.jpg?fit=659%2C182&ssl=1","contentUrl":"https:\/\/i0.wp.com\/madgicprod.asia\/wp-content\/uploads\/2020\/10\/madgicprod-logo-wht-1-e1603184756652.jpg?fit=659%2C182&ssl=1","width":659,"height":182,"caption":"Madgicprod"},"image":{"@id":"https:\/\/madgicprod.asia\/fr\/#\/schema\/logo\/image\/"}}]}},"jetpack_sharing_enabled":true,"jetpack_shortlink":"https:\/\/wp.me\/Pag6lm-SZ","jetpack_likes_enabled":false,"_links":{"self":[{"href":"https:\/\/madgicprod.asia\/fr\/wp-json\/wp\/v2\/pages\/3409","targetHints":{"allow":["GET"]}}],"collection":[{"href":"https:\/\/madgicprod.asia\/fr\/wp-json\/wp\/v2\/pages"}],"about":[{"href":"https:\/\/madgicprod.asia\/fr\/wp-json\/wp\/v2\/types\/page"}],"author":[{"embeddable":true,"href":"https:\/\/madgicprod.asia\/fr\/wp-json\/wp\/v2\/users\/2"}],"replies":[{"embeddable":true,"href":"https:\/\/madgicprod.asia\/fr\/wp-json\/wp\/v2\/comments?post=3409"}],"version-history":[{"count":4,"href":"https:\/\/madgicprod.asia\/fr\/wp-json\/wp\/v2\/pages\/3409\/revisions"}],"predecessor-version":[{"id":3488,"href":"https:\/\/madgicprod.asia\/fr\/wp-json\/wp\/v2\/pages\/3409\/revisions\/3488"}],"wp:featuredmedia":[{"embeddable":true,"href":"https:\/\/madgicprod.asia\/fr\/wp-json\/wp\/v2\/media\/3144"}],"wp:attachment":[{"href":"https:\/\/madgicprod.asia\/fr\/wp-json\/wp\/v2\/media?parent=3409"}],"curies":[{"name":"wp","href":"https:\/\/api.w.org\/{rel}","templated":true}]}}