{"id":3415,"date":"2021-12-13T18:36:53","date_gmt":"2021-12-13T10:36:53","guid":{"rendered":"https:\/\/madgicprod.asia\/yuxu\/"},"modified":"2023-05-03T19:08:56","modified_gmt":"2023-05-03T11:08:56","slug":"yuxu","status":"publish","type":"page","link":"https:\/\/madgicprod.asia\/fr\/yuxu\/","title":{"rendered":"Yuxu"},"content":{"rendered":"\n<p>Au Vietnam. Yuxu est connu comme l&rsquo;expert en manipulations de pi\u00e8ces de monnaie.<\/p>\n\n<p>Il est aussi internationalement reconnu pour ses manipulations uniques de cartes.<\/p>\n\n<p>Doux et charmeur, il s\u00e9duira tous vos invit\u00e9s. <\/p>\n\n<p>Madgicprod est fier de l&rsquo;avoir \u00e0 bord&#8230; Avec Yuxu, pr\u00e9parez vous \u00e0 \u00eatre surpris !<\/p>\n\n<div class=\"wp-block-jetpack-tiled-gallery aligncenter is-style-rectangular\"><div class=\"tiled-gallery__gallery\"><div class=\"tiled-gallery__row\"><div class=\"tiled-gallery__col\" style=\"flex-basis:69.12251%\"><figure class=\"tiled-gallery__item\"><img decoding=\"async\" role=\"button\" tabindex=\"0\" aria-label=\"Ouvrir l\u2019image 1 sur 6 en plein \u00e9cran\"srcset=\"https:\/\/i0.wp.com\/madgicprod.asia\/wp-content\/uploads\/2021\/12\/IMG_9421-1024x683.jpg?strip=info&#038;w=600&#038;ssl=1 600w,https:\/\/i0.wp.com\/madgicprod.asia\/wp-content\/uploads\/2021\/12\/IMG_9421-1024x683.jpg?strip=info&#038;w=900&#038;ssl=1 900w,https:\/\/i0.wp.com\/madgicprod.asia\/wp-content\/uploads\/2021\/12\/IMG_9421-1024x683.jpg?strip=info&#038;w=1200&#038;ssl=1 1200w,https:\/\/i0.wp.com\/madgicprod.asia\/wp-content\/uploads\/2021\/12\/IMG_9421-1024x683.jpg?strip=info&#038;w=1500&#038;ssl=1 1500w,https:\/\/i0.wp.com\/madgicprod.asia\/wp-content\/uploads\/2021\/12\/IMG_9421-1024x683.jpg?strip=info&#038;w=1800&#038;ssl=1 1800w,https:\/\/i0.wp.com\/madgicprod.asia\/wp-content\/uploads\/2021\/12\/IMG_9421-1024x683.jpg?strip=info&#038;w=2000&#038;ssl=1 2000w\" alt=\"\" data-height=\"1366\" data-id=\"2477\" data-link=\"https:\/\/madgicprod.asia\/img_9421\/\" data-url=\"https:\/\/madgicprod.asia\/wp-content\/uploads\/2021\/12\/IMG_9421-1024x683.jpg\" data-width=\"2048\" src=\"https:\/\/i0.wp.com\/madgicprod.asia\/wp-content\/uploads\/2021\/12\/IMG_9421-1024x683.jpg?ssl=1\" data-amp-layout=\"responsive\"><\/figure><\/div><div class=\"tiled-gallery__col\" style=\"flex-basis:30.87749%\"><figure class=\"tiled-gallery__item\"><img decoding=\"async\" role=\"button\" tabindex=\"0\" aria-label=\"Ouvrir l\u2019image 2 sur 6 en plein \u00e9cran\"srcset=\"https:\/\/i2.wp.com\/madgicprod.asia\/wp-content\/uploads\/2021\/12\/IMG_7705.jpg?strip=info&#038;w=600&#038;ssl=1 600w,https:\/\/i2.wp.com\/madgicprod.asia\/wp-content\/uploads\/2021\/12\/IMG_7705.jpg?strip=info&#038;w=641&#038;ssl=1 641w\" alt=\"\" data-height=\"960\" data-id=\"2476\" data-link=\"https:\/\/madgicprod.asia\/img_7705\/\" data-url=\"https:\/\/madgicprod.asia\/wp-content\/uploads\/2021\/12\/IMG_7705.jpg\" data-width=\"641\" src=\"https:\/\/i2.wp.com\/madgicprod.asia\/wp-content\/uploads\/2021\/12\/IMG_7705.jpg?ssl=1\" data-amp-layout=\"responsive\"><\/figure><\/div><\/div><div class=\"tiled-gallery__row\"><div class=\"tiled-gallery__col\" style=\"flex-basis:57.70552%\"><figure class=\"tiled-gallery__item\"><img decoding=\"async\" role=\"button\" tabindex=\"0\" aria-label=\"Ouvrir l\u2019image 3 sur 6 en plein \u00e9cran\"srcset=\"https:\/\/i1.wp.com\/madgicprod.asia\/wp-content\/uploads\/2021\/12\/image_6487327-690x1024.jpg?strip=info&#038;w=600&#038;ssl=1 600w,https:\/\/i1.wp.com\/madgicprod.asia\/wp-content\/uploads\/2021\/12\/image_6487327-690x1024.jpg?strip=info&#038;w=900&#038;ssl=1 900w,https:\/\/i1.wp.com\/madgicprod.asia\/wp-content\/uploads\/2021\/12\/image_6487327-690x1024.jpg?strip=info&#038;w=977&#038;ssl=1 977w\" alt=\"\" data-height=\"1449\" data-id=\"2475\" data-link=\"https:\/\/madgicprod.asia\/image_6487327\/\" data-url=\"https:\/\/madgicprod.asia\/wp-content\/uploads\/2021\/12\/image_6487327-690x1024.jpg\" data-width=\"977\" src=\"https:\/\/i1.wp.com\/madgicprod.asia\/wp-content\/uploads\/2021\/12\/image_6487327-690x1024.jpg?ssl=1\" data-amp-layout=\"responsive\"><\/figure><\/div><div class=\"tiled-gallery__col\" style=\"flex-basis:42.29448%\"><figure class=\"tiled-gallery__item\"><img decoding=\"async\" role=\"button\" tabindex=\"0\" aria-label=\"Ouvrir l\u2019image 4 sur 6 en plein \u00e9cran\"srcset=\"https:\/\/i2.wp.com\/madgicprod.asia\/wp-content\/uploads\/2021\/12\/Good5-903-1024x683.jpeg?strip=info&#038;w=600&#038;ssl=1 600w,https:\/\/i2.wp.com\/madgicprod.asia\/wp-content\/uploads\/2021\/12\/Good5-903-1024x683.jpeg?strip=info&#038;w=900&#038;ssl=1 900w,https:\/\/i2.wp.com\/madgicprod.asia\/wp-content\/uploads\/2021\/12\/Good5-903-1024x683.jpeg?strip=info&#038;w=1200&#038;ssl=1 1200w,https:\/\/i2.wp.com\/madgicprod.asia\/wp-content\/uploads\/2021\/12\/Good5-903-1024x683.jpeg?strip=info&#038;w=1500&#038;ssl=1 1500w,https:\/\/i2.wp.com\/madgicprod.asia\/wp-content\/uploads\/2021\/12\/Good5-903-1024x683.jpeg?strip=info&#038;w=1800&#038;ssl=1 1800w,https:\/\/i2.wp.com\/madgicprod.asia\/wp-content\/uploads\/2021\/12\/Good5-903-1024x683.jpeg?strip=info&#038;w=2000&#038;ssl=1 2000w\" alt=\"\" data-height=\"3162\" data-id=\"2474\" data-link=\"https:\/\/madgicprod.asia\/good5-903\/\" data-url=\"https:\/\/madgicprod.asia\/wp-content\/uploads\/2021\/12\/Good5-903-1024x683.jpeg\" data-width=\"4743\" src=\"https:\/\/i2.wp.com\/madgicprod.asia\/wp-content\/uploads\/2021\/12\/Good5-903-1024x683.jpeg?ssl=1\" data-amp-layout=\"responsive\"><\/figure><figure class=\"tiled-gallery__item\"><img decoding=\"async\" role=\"button\" tabindex=\"0\" aria-label=\"Ouvrir l\u2019image 5 sur 6 en plein \u00e9cran\"srcset=\"https:\/\/i1.wp.com\/madgicprod.asia\/wp-content\/uploads\/2021\/12\/Good5-866-1024x683.jpeg?strip=info&#038;w=600&#038;ssl=1 600w,https:\/\/i1.wp.com\/madgicprod.asia\/wp-content\/uploads\/2021\/12\/Good5-866-1024x683.jpeg?strip=info&#038;w=900&#038;ssl=1 900w,https:\/\/i1.wp.com\/madgicprod.asia\/wp-content\/uploads\/2021\/12\/Good5-866-1024x683.jpeg?strip=info&#038;w=1200&#038;ssl=1 1200w,https:\/\/i1.wp.com\/madgicprod.asia\/wp-content\/uploads\/2021\/12\/Good5-866-1024x683.jpeg?strip=info&#038;w=1500&#038;ssl=1 1500w,https:\/\/i1.wp.com\/madgicprod.asia\/wp-content\/uploads\/2021\/12\/Good5-866-1024x683.jpeg?strip=info&#038;w=1800&#038;ssl=1 1800w,https:\/\/i1.wp.com\/madgicprod.asia\/wp-content\/uploads\/2021\/12\/Good5-866-1024x683.jpeg?strip=info&#038;w=2000&#038;ssl=1 2000w\" alt=\"\" data-height=\"3162\" data-id=\"2473\" data-link=\"https:\/\/madgicprod.asia\/good5-866\/\" data-url=\"https:\/\/madgicprod.asia\/wp-content\/uploads\/2021\/12\/Good5-866-1024x683.jpeg\" data-width=\"4743\" src=\"https:\/\/i1.wp.com\/madgicprod.asia\/wp-content\/uploads\/2021\/12\/Good5-866-1024x683.jpeg?ssl=1\" data-amp-layout=\"responsive\"><\/figure><figure class=\"tiled-gallery__item\"><img decoding=\"async\" role=\"button\" tabindex=\"0\" aria-label=\"Ouvrir l\u2019image 6 sur 6 en plein \u00e9cran\"srcset=\"https:\/\/i2.wp.com\/madgicprod.asia\/wp-content\/uploads\/2021\/12\/Good5-865-1024x683.jpeg?strip=info&#038;w=600&#038;ssl=1 600w,https:\/\/i2.wp.com\/madgicprod.asia\/wp-content\/uploads\/2021\/12\/Good5-865-1024x683.jpeg?strip=info&#038;w=900&#038;ssl=1 900w,https:\/\/i2.wp.com\/madgicprod.asia\/wp-content\/uploads\/2021\/12\/Good5-865-1024x683.jpeg?strip=info&#038;w=1200&#038;ssl=1 1200w,https:\/\/i2.wp.com\/madgicprod.asia\/wp-content\/uploads\/2021\/12\/Good5-865-1024x683.jpeg?strip=info&#038;w=1500&#038;ssl=1 1500w,https:\/\/i2.wp.com\/madgicprod.asia\/wp-content\/uploads\/2021\/12\/Good5-865-1024x683.jpeg?strip=info&#038;w=1800&#038;ssl=1 1800w,https:\/\/i2.wp.com\/madgicprod.asia\/wp-content\/uploads\/2021\/12\/Good5-865-1024x683.jpeg?strip=info&#038;w=2000&#038;ssl=1 2000w\" alt=\"\" data-height=\"3162\" data-id=\"2472\" data-link=\"https:\/\/madgicprod.asia\/good5-865\/\" data-url=\"https:\/\/madgicprod.asia\/wp-content\/uploads\/2021\/12\/Good5-865-1024x683.jpeg\" data-width=\"4743\" src=\"https:\/\/i2.wp.com\/madgicprod.asia\/wp-content\/uploads\/2021\/12\/Good5-865-1024x683.jpeg?ssl=1\" data-amp-layout=\"responsive\"><\/figure><\/div><\/div><\/div><\/div>\n","protected":false},"excerpt":{"rendered":"<p>Au Vietnam. Yuxu est connu comme l&rsquo;expert en manipulations de pi\u00e8ces de monnaie. Il est aussi internationalement reconnu pour ses manipulations uniques de cartes. Doux et charmeur, il s\u00e9duira tous vos invit\u00e9s. Madgicprod est fier de l&rsquo;avoir \u00e0 bord&#8230; Avec Yuxu, pr\u00e9parez vous \u00e0 \u00eatre surpris !<\/p>\n","protected":false},"author":2,"featured_media":3362,"parent":0,"menu_order":0,"comment_status":"closed","ping_status":"closed","template":"","meta":{"jetpack_post_was_ever_published":true,"footnotes":""},"class_list":["post-3415","page","type-page","status-publish","has-post-thumbnail","hentry"],"yoast_head":"<!-- This site is optimized with the Yoast SEO plugin v27.3 - https:\/\/yoast.com\/product\/yoast-seo-wordpress\/ -->\n<title>Yuxu - Madgicprod<\/title>\n<meta name=\"robots\" content=\"index, follow, max-snippet:-1, max-image-preview:large, max-video-preview:-1\" \/>\n<link rel=\"canonical\" href=\"https:\/\/madgicprod.asia\/fr\/yuxu\/\" \/>\n<meta property=\"og:locale\" content=\"fr_FR\" \/>\n<meta property=\"og:type\" content=\"article\" \/>\n<meta property=\"og:title\" content=\"Yuxu - Madgicprod\" \/>\n<meta property=\"og:description\" content=\"Au Vietnam. Yuxu est connu comme l&rsquo;expert en manipulations de pi\u00e8ces de monnaie. Il est aussi internationalement reconnu pour ses manipulations uniques de cartes. Doux et charmeur, il s\u00e9duira tous vos invit\u00e9s. Madgicprod est fier de l&rsquo;avoir \u00e0 bord&#8230; Avec Yuxu, pr\u00e9parez vous \u00e0 \u00eatre surpris !\" \/>\n<meta property=\"og:url\" content=\"https:\/\/madgicprod.asia\/fr\/yuxu\/\" \/>\n<meta property=\"og:site_name\" content=\"Madgicprod\" \/>\n<meta property=\"article:modified_time\" content=\"2023-05-03T11:08:56+00:00\" \/>\n<meta property=\"og:image\" content=\"https:\/\/madgicprod.asia\/wp-content\/uploads\/2021\/12\/Yuxu-cover.jpg\" \/>\n\t<meta property=\"og:image:width\" content=\"1280\" \/>\n\t<meta property=\"og:image:height\" content=\"720\" \/>\n\t<meta property=\"og:image:type\" content=\"image\/jpeg\" \/>\n<meta name=\"twitter:card\" content=\"summary_large_image\" \/>\n<script type=\"application\/ld+json\" class=\"yoast-schema-graph\">{\"@context\":\"https:\\\/\\\/schema.org\",\"@graph\":[{\"@type\":\"WebPage\",\"@id\":\"https:\\\/\\\/madgicprod.asia\\\/fr\\\/yuxu\\\/\",\"url\":\"https:\\\/\\\/madgicprod.asia\\\/fr\\\/yuxu\\\/\",\"name\":\"Yuxu - Madgicprod\",\"isPartOf\":{\"@id\":\"https:\\\/\\\/madgicprod.asia\\\/fr\\\/#website\"},\"primaryImageOfPage\":{\"@id\":\"https:\\\/\\\/madgicprod.asia\\\/fr\\\/yuxu\\\/#primaryimage\"},\"image\":{\"@id\":\"https:\\\/\\\/madgicprod.asia\\\/fr\\\/yuxu\\\/#primaryimage\"},\"thumbnailUrl\":\"https:\\\/\\\/i0.wp.com\\\/madgicprod.asia\\\/wp-content\\\/uploads\\\/2021\\\/12\\\/Yuxu-cover.jpg?fit=1280%2C720&ssl=1\",\"datePublished\":\"2021-12-13T10:36:53+00:00\",\"dateModified\":\"2023-05-03T11:08:56+00:00\",\"breadcrumb\":{\"@id\":\"https:\\\/\\\/madgicprod.asia\\\/fr\\\/yuxu\\\/#breadcrumb\"},\"inLanguage\":\"fr-FR\",\"potentialAction\":[{\"@type\":\"ReadAction\",\"target\":[\"https:\\\/\\\/madgicprod.asia\\\/fr\\\/yuxu\\\/\"]}]},{\"@type\":\"ImageObject\",\"inLanguage\":\"fr-FR\",\"@id\":\"https:\\\/\\\/madgicprod.asia\\\/fr\\\/yuxu\\\/#primaryimage\",\"url\":\"https:\\\/\\\/i0.wp.com\\\/madgicprod.asia\\\/wp-content\\\/uploads\\\/2021\\\/12\\\/Yuxu-cover.jpg?fit=1280%2C720&ssl=1\",\"contentUrl\":\"https:\\\/\\\/i0.wp.com\\\/madgicprod.asia\\\/wp-content\\\/uploads\\\/2021\\\/12\\\/Yuxu-cover.jpg?fit=1280%2C720&ssl=1\",\"width\":1280,\"height\":720},{\"@type\":\"BreadcrumbList\",\"@id\":\"https:\\\/\\\/madgicprod.asia\\\/fr\\\/yuxu\\\/#breadcrumb\",\"itemListElement\":[{\"@type\":\"ListItem\",\"position\":1,\"name\":\"Home\",\"item\":\"https:\\\/\\\/madgicprod.asia\\\/fr\\\/\"},{\"@type\":\"ListItem\",\"position\":2,\"name\":\"Yuxu\"}]},{\"@type\":\"WebSite\",\"@id\":\"https:\\\/\\\/madgicprod.asia\\\/fr\\\/#website\",\"url\":\"https:\\\/\\\/madgicprod.asia\\\/fr\\\/\",\"name\":\"Madgicprod\",\"description\":\"Let&#039;s reveal your magic...\",\"publisher\":{\"@id\":\"https:\\\/\\\/madgicprod.asia\\\/fr\\\/#organization\"},\"potentialAction\":[{\"@type\":\"SearchAction\",\"target\":{\"@type\":\"EntryPoint\",\"urlTemplate\":\"https:\\\/\\\/madgicprod.asia\\\/fr\\\/?s={search_term_string}\"},\"query-input\":{\"@type\":\"PropertyValueSpecification\",\"valueRequired\":true,\"valueName\":\"search_term_string\"}}],\"inLanguage\":\"fr-FR\"},{\"@type\":\"Organization\",\"@id\":\"https:\\\/\\\/madgicprod.asia\\\/fr\\\/#organization\",\"name\":\"Madgicprod\",\"url\":\"https:\\\/\\\/madgicprod.asia\\\/fr\\\/\",\"logo\":{\"@type\":\"ImageObject\",\"inLanguage\":\"fr-FR\",\"@id\":\"https:\\\/\\\/madgicprod.asia\\\/fr\\\/#\\\/schema\\\/logo\\\/image\\\/\",\"url\":\"https:\\\/\\\/i0.wp.com\\\/madgicprod.asia\\\/wp-content\\\/uploads\\\/2020\\\/10\\\/madgicprod-logo-wht-1-e1603184756652.jpg?fit=659%2C182&ssl=1\",\"contentUrl\":\"https:\\\/\\\/i0.wp.com\\\/madgicprod.asia\\\/wp-content\\\/uploads\\\/2020\\\/10\\\/madgicprod-logo-wht-1-e1603184756652.jpg?fit=659%2C182&ssl=1\",\"width\":659,\"height\":182,\"caption\":\"Madgicprod\"},\"image\":{\"@id\":\"https:\\\/\\\/madgicprod.asia\\\/fr\\\/#\\\/schema\\\/logo\\\/image\\\/\"}}]}<\/script>\n<!-- \/ Yoast SEO plugin. -->","yoast_head_json":{"title":"Yuxu - Madgicprod","robots":{"index":"index","follow":"follow","max-snippet":"max-snippet:-1","max-image-preview":"max-image-preview:large","max-video-preview":"max-video-preview:-1"},"canonical":"https:\/\/madgicprod.asia\/fr\/yuxu\/","og_locale":"fr_FR","og_type":"article","og_title":"Yuxu - Madgicprod","og_description":"Au Vietnam. Yuxu est connu comme l&rsquo;expert en manipulations de pi\u00e8ces de monnaie. Il est aussi internationalement reconnu pour ses manipulations uniques de cartes. Doux et charmeur, il s\u00e9duira tous vos invit\u00e9s. Madgicprod est fier de l&rsquo;avoir \u00e0 bord&#8230; Avec Yuxu, pr\u00e9parez vous \u00e0 \u00eatre surpris !","og_url":"https:\/\/madgicprod.asia\/fr\/yuxu\/","og_site_name":"Madgicprod","article_modified_time":"2023-05-03T11:08:56+00:00","og_image":[{"width":1280,"height":720,"url":"https:\/\/madgicprod.asia\/wp-content\/uploads\/2021\/12\/Yuxu-cover.jpg","type":"image\/jpeg"}],"twitter_card":"summary_large_image","schema":{"@context":"https:\/\/schema.org","@graph":[{"@type":"WebPage","@id":"https:\/\/madgicprod.asia\/fr\/yuxu\/","url":"https:\/\/madgicprod.asia\/fr\/yuxu\/","name":"Yuxu - Madgicprod","isPartOf":{"@id":"https:\/\/madgicprod.asia\/fr\/#website"},"primaryImageOfPage":{"@id":"https:\/\/madgicprod.asia\/fr\/yuxu\/#primaryimage"},"image":{"@id":"https:\/\/madgicprod.asia\/fr\/yuxu\/#primaryimage"},"thumbnailUrl":"https:\/\/i0.wp.com\/madgicprod.asia\/wp-content\/uploads\/2021\/12\/Yuxu-cover.jpg?fit=1280%2C720&ssl=1","datePublished":"2021-12-13T10:36:53+00:00","dateModified":"2023-05-03T11:08:56+00:00","breadcrumb":{"@id":"https:\/\/madgicprod.asia\/fr\/yuxu\/#breadcrumb"},"inLanguage":"fr-FR","potentialAction":[{"@type":"ReadAction","target":["https:\/\/madgicprod.asia\/fr\/yuxu\/"]}]},{"@type":"ImageObject","inLanguage":"fr-FR","@id":"https:\/\/madgicprod.asia\/fr\/yuxu\/#primaryimage","url":"https:\/\/i0.wp.com\/madgicprod.asia\/wp-content\/uploads\/2021\/12\/Yuxu-cover.jpg?fit=1280%2C720&ssl=1","contentUrl":"https:\/\/i0.wp.com\/madgicprod.asia\/wp-content\/uploads\/2021\/12\/Yuxu-cover.jpg?fit=1280%2C720&ssl=1","width":1280,"height":720},{"@type":"BreadcrumbList","@id":"https:\/\/madgicprod.asia\/fr\/yuxu\/#breadcrumb","itemListElement":[{"@type":"ListItem","position":1,"name":"Home","item":"https:\/\/madgicprod.asia\/fr\/"},{"@type":"ListItem","position":2,"name":"Yuxu"}]},{"@type":"WebSite","@id":"https:\/\/madgicprod.asia\/fr\/#website","url":"https:\/\/madgicprod.asia\/fr\/","name":"Madgicprod","description":"Let&#039;s reveal your magic...","publisher":{"@id":"https:\/\/madgicprod.asia\/fr\/#organization"},"potentialAction":[{"@type":"SearchAction","target":{"@type":"EntryPoint","urlTemplate":"https:\/\/madgicprod.asia\/fr\/?s={search_term_string}"},"query-input":{"@type":"PropertyValueSpecification","valueRequired":true,"valueName":"search_term_string"}}],"inLanguage":"fr-FR"},{"@type":"Organization","@id":"https:\/\/madgicprod.asia\/fr\/#organization","name":"Madgicprod","url":"https:\/\/madgicprod.asia\/fr\/","logo":{"@type":"ImageObject","inLanguage":"fr-FR","@id":"https:\/\/madgicprod.asia\/fr\/#\/schema\/logo\/image\/","url":"https:\/\/i0.wp.com\/madgicprod.asia\/wp-content\/uploads\/2020\/10\/madgicprod-logo-wht-1-e1603184756652.jpg?fit=659%2C182&ssl=1","contentUrl":"https:\/\/i0.wp.com\/madgicprod.asia\/wp-content\/uploads\/2020\/10\/madgicprod-logo-wht-1-e1603184756652.jpg?fit=659%2C182&ssl=1","width":659,"height":182,"caption":"Madgicprod"},"image":{"@id":"https:\/\/madgicprod.asia\/fr\/#\/schema\/logo\/image\/"}}]}},"jetpack_sharing_enabled":true,"jetpack_shortlink":"https:\/\/wp.me\/Pag6lm-T5","jetpack_likes_enabled":false,"_links":{"self":[{"href":"https:\/\/madgicprod.asia\/fr\/wp-json\/wp\/v2\/pages\/3415","targetHints":{"allow":["GET"]}}],"collection":[{"href":"https:\/\/madgicprod.asia\/fr\/wp-json\/wp\/v2\/pages"}],"about":[{"href":"https:\/\/madgicprod.asia\/fr\/wp-json\/wp\/v2\/types\/page"}],"author":[{"embeddable":true,"href":"https:\/\/madgicprod.asia\/fr\/wp-json\/wp\/v2\/users\/2"}],"replies":[{"embeddable":true,"href":"https:\/\/madgicprod.asia\/fr\/wp-json\/wp\/v2\/comments?post=3415"}],"version-history":[{"count":4,"href":"https:\/\/madgicprod.asia\/fr\/wp-json\/wp\/v2\/pages\/3415\/revisions"}],"predecessor-version":[{"id":3501,"href":"https:\/\/madgicprod.asia\/fr\/wp-json\/wp\/v2\/pages\/3415\/revisions\/3501"}],"wp:featuredmedia":[{"embeddable":true,"href":"https:\/\/madgicprod.asia\/fr\/wp-json\/wp\/v2\/media\/3362"}],"wp:attachment":[{"href":"https:\/\/madgicprod.asia\/fr\/wp-json\/wp\/v2\/media?parent=3415"}],"curies":[{"name":"wp","href":"https:\/\/api.w.org\/{rel}","templated":true}]}}