{"id":3420,"date":"2021-12-02T19:21:56","date_gmt":"2021-12-02T11:21:56","guid":{"rendered":"https:\/\/madgicprod.asia\/lee-bui\/"},"modified":"2023-05-02T23:19:06","modified_gmt":"2023-05-02T15:19:06","slug":"lee-bui","status":"publish","type":"page","link":"https:\/\/madgicprod.asia\/fr\/lee-bui\/","title":{"rendered":"Lee Bui"},"content":{"rendered":"\n<p>Lee Bui est un excellent animateur et un magicien fantastique. Il sait comment faire en sorte que le public s&rsquo;\u00e9merveille devant chacun de ses myst\u00e8res.<\/p>\n\n<p>Il a remport\u00e9 le premier prix de magicien de sc\u00e8ne junior de Hanoi en 2012.<\/p>\n\n<p>Le seul Vietnamien \u00e0 avoir particip\u00e9 \u00e0 un festival international de magie en 2013.<\/p>\n\n<p>Il est aujourd&rsquo;hui l&rsquo;un des magiciens de close-up les plus convoit\u00e9s du Vi\u00eat Nam.<\/p>\n\n<figure class=\"wp-block-video wp-block-embed is-type-video is-provider-videopress\"><div class=\"wp-block-embed__wrapper\">\n<iframe title=\"VideoPress Video Player\" aria-label='VideoPress Video Player' width='1000' height='550' src='https:\/\/videopress.com\/embed\/G2UKnotC?cover=1&amp;preloadContent=metadata&amp;useAverageColor=1&amp;hd=1' frameborder='0' allowfullscreen data-resize-to-parent=\"true\" allow='clipboard-write'><\/iframe><script src='https:\/\/v0.wordpress.com\/js\/next\/videopress-iframe.js?m=1674852142'><\/script>\n<\/div><\/figure>\n\n<div class=\"wp-block-jetpack-tiled-gallery aligncenter is-style-rectangular\"><div class=\"tiled-gallery__gallery\"><div class=\"tiled-gallery__row\"><div class=\"tiled-gallery__col\" style=\"flex-basis:29.68152%\"><figure class=\"tiled-gallery__item\"><img decoding=\"async\" role=\"button\" tabindex=\"0\" aria-label=\"Ouvrir l\u2019image 1 sur 5 en plein \u00e9cran\"srcset=\"https:\/\/i2.wp.com\/madgicprod.asia\/wp-content\/uploads\/2021\/12\/Lee-Bui-3.jpg?strip=info&#038;w=405&#038;ssl=1 405w\" alt=\"\" data-height=\"720\" data-id=\"2250\" data-link=\"https:\/\/madgicprod.asia\/lee-bui-3\/\" data-url=\"https:\/\/madgicprod.asia\/wp-content\/uploads\/2021\/12\/Lee-Bui-3.jpg\" data-width=\"405\" src=\"https:\/\/i2.wp.com\/madgicprod.asia\/wp-content\/uploads\/2021\/12\/Lee-Bui-3.jpg?ssl=1\" data-amp-layout=\"responsive\"><\/figure><\/div><div class=\"tiled-gallery__col\" style=\"flex-basis:35.09079%\"><figure class=\"tiled-gallery__item\"><img decoding=\"async\" role=\"button\" tabindex=\"0\" aria-label=\"Ouvrir l\u2019image 2 sur 5 en plein \u00e9cran\"srcset=\"https:\/\/i1.wp.com\/madgicprod.asia\/wp-content\/uploads\/2021\/12\/Lee-Bui-4-2.jpg?strip=info&#038;w=479&#038;ssl=1 479w\" alt=\"\" data-height=\"720\" data-id=\"2275\" data-link=\"https:\/\/madgicprod.asia\/?attachment_id=2275\" data-url=\"https:\/\/madgicprod.asia\/wp-content\/uploads\/2021\/12\/Lee-Bui-4-2.jpg\" data-width=\"479\" src=\"https:\/\/i1.wp.com\/madgicprod.asia\/wp-content\/uploads\/2021\/12\/Lee-Bui-4-2.jpg?ssl=1\" data-amp-layout=\"responsive\"><\/figure><\/div><div class=\"tiled-gallery__col\" style=\"flex-basis:35.22769%\"><figure class=\"tiled-gallery__item\"><img decoding=\"async\" role=\"button\" tabindex=\"0\" aria-label=\"Ouvrir l\u2019image 3 sur 5 en plein \u00e9cran\"srcset=\"https:\/\/i0.wp.com\/madgicprod.asia\/wp-content\/uploads\/2021\/12\/Lee-Bui-2-2-684x1024.jpg?strip=info&#038;w=600&#038;ssl=1 600w,https:\/\/i0.wp.com\/madgicprod.asia\/wp-content\/uploads\/2021\/12\/Lee-Bui-2-2-684x1024.jpg?strip=info&#038;w=900&#038;ssl=1 900w,https:\/\/i0.wp.com\/madgicprod.asia\/wp-content\/uploads\/2021\/12\/Lee-Bui-2-2-684x1024.jpg?strip=info&#038;w=1102&#038;ssl=1 1102w\" alt=\"\" data-height=\"1650\" data-id=\"2276\" data-link=\"https:\/\/madgicprod.asia\/?attachment_id=2276\" data-url=\"https:\/\/madgicprod.asia\/wp-content\/uploads\/2021\/12\/Lee-Bui-2-2-684x1024.jpg\" data-width=\"1102\" src=\"https:\/\/i0.wp.com\/madgicprod.asia\/wp-content\/uploads\/2021\/12\/Lee-Bui-2-2-684x1024.jpg?ssl=1\" data-amp-layout=\"responsive\"><\/figure><\/div><\/div><div class=\"tiled-gallery__row\"><div class=\"tiled-gallery__col\" style=\"flex-basis:59.08966%\"><figure class=\"tiled-gallery__item\"><img decoding=\"async\" role=\"button\" tabindex=\"0\" aria-label=\"Ouvrir l\u2019image 4 sur 5 en plein \u00e9cran\"srcset=\"https:\/\/i0.wp.com\/madgicprod.asia\/wp-content\/uploads\/2021\/12\/Lee-Bui-1-2-1024x922.jpg?strip=info&#038;w=600&#038;ssl=1 600w,https:\/\/i0.wp.com\/madgicprod.asia\/wp-content\/uploads\/2021\/12\/Lee-Bui-1-2-1024x922.jpg?strip=info&#038;w=900&#038;ssl=1 900w,https:\/\/i0.wp.com\/madgicprod.asia\/wp-content\/uploads\/2021\/12\/Lee-Bui-1-2-1024x922.jpg?strip=info&#038;w=1200&#038;ssl=1 1200w,https:\/\/i0.wp.com\/madgicprod.asia\/wp-content\/uploads\/2021\/12\/Lee-Bui-1-2-1024x922.jpg?strip=info&#038;w=1500&#038;ssl=1 1500w,https:\/\/i0.wp.com\/madgicprod.asia\/wp-content\/uploads\/2021\/12\/Lee-Bui-1-2-1024x922.jpg?strip=info&#038;w=1800&#038;ssl=1 1800w,https:\/\/i0.wp.com\/madgicprod.asia\/wp-content\/uploads\/2021\/12\/Lee-Bui-1-2-1024x922.jpg?strip=info&#038;w=2000&#038;ssl=1 2000w\" alt=\"\" data-height=\"9819\" data-id=\"2277\" data-link=\"https:\/\/madgicprod.asia\/?attachment_id=2277\" data-url=\"https:\/\/madgicprod.asia\/wp-content\/uploads\/2021\/12\/Lee-Bui-1-2-1024x922.jpg\" data-width=\"10910\" src=\"https:\/\/i0.wp.com\/madgicprod.asia\/wp-content\/uploads\/2021\/12\/Lee-Bui-1-2-1024x922.jpg?ssl=1\" data-amp-layout=\"responsive\"><\/figure><\/div><div class=\"tiled-gallery__col\" style=\"flex-basis:40.91034%\"><figure class=\"tiled-gallery__item\"><img decoding=\"async\" role=\"button\" tabindex=\"0\" aria-label=\"Ouvrir l\u2019image 5 sur 5 en plein \u00e9cran\"srcset=\"https:\/\/i2.wp.com\/madgicprod.asia\/wp-content\/uploads\/2021\/12\/MIN_0558-2-787x1024.jpg?strip=info&#038;w=600&#038;ssl=1 600w,https:\/\/i2.wp.com\/madgicprod.asia\/wp-content\/uploads\/2021\/12\/MIN_0558-2-787x1024.jpg?strip=info&#038;w=900&#038;ssl=1 900w,https:\/\/i2.wp.com\/madgicprod.asia\/wp-content\/uploads\/2021\/12\/MIN_0558-2-787x1024.jpg?strip=info&#038;w=1200&#038;ssl=1 1200w,https:\/\/i2.wp.com\/madgicprod.asia\/wp-content\/uploads\/2021\/12\/MIN_0558-2-787x1024.jpg?strip=info&#038;w=1500&#038;ssl=1 1500w,https:\/\/i2.wp.com\/madgicprod.asia\/wp-content\/uploads\/2021\/12\/MIN_0558-2-787x1024.jpg?strip=info&#038;w=1800&#038;ssl=1 1800w,https:\/\/i2.wp.com\/madgicprod.asia\/wp-content\/uploads\/2021\/12\/MIN_0558-2-787x1024.jpg?strip=info&#038;w=2000&#038;ssl=1 2000w\" alt=\"\" data-height=\"5225\" data-id=\"2345\" data-link=\"https:\/\/madgicprod.asia\/lee-bui\/min_0558-2\/\" data-url=\"https:\/\/madgicprod.asia\/wp-content\/uploads\/2021\/12\/MIN_0558-2-787x1024.jpg\" data-width=\"4016\" src=\"https:\/\/i2.wp.com\/madgicprod.asia\/wp-content\/uploads\/2021\/12\/MIN_0558-2-787x1024.jpg?ssl=1\" data-amp-layout=\"responsive\"><\/figure><\/div><\/div><\/div><\/div>\n\n<figure class=\"wp-block-video wp-block-embed is-type-video is-provider-videopress\"><div class=\"wp-block-embed__wrapper\">\n<iframe title=\"VideoPress Video Player\" aria-label='VideoPress Video Player' width='1000' height='563' src='https:\/\/videopress.com\/embed\/NEklHwZp?cover=1&amp;preloadContent=metadata&amp;hd=1' frameborder='0' allowfullscreen data-resize-to-parent=\"true\" allow='clipboard-write'><\/iframe><script src='https:\/\/v0.wordpress.com\/js\/next\/videopress-iframe.js?m=1674852142'><\/script>\n<\/div><\/figure>\n","protected":false},"excerpt":{"rendered":"<p>Lee Bui est un excellent animateur et un magicien fantastique. Il sait comment faire en sorte que le public s&rsquo;\u00e9merveille devant chacun de ses myst\u00e8res. Il a remport\u00e9 le premier prix de magicien de sc\u00e8ne junior de Hanoi en 2012. Le seul Vietnamien \u00e0 avoir particip\u00e9 \u00e0 un festival international de magie en 2013. Il <\/p>\n","protected":false},"author":2,"featured_media":3313,"parent":0,"menu_order":0,"comment_status":"closed","ping_status":"closed","template":"","meta":{"footnotes":""},"class_list":["post-3420","page","type-page","status-publish","has-post-thumbnail","hentry"],"yoast_head":"<!-- This site is optimized with the Yoast SEO plugin v27.3 - https:\/\/yoast.com\/product\/yoast-seo-wordpress\/ -->\n<title>Lee Bui - Madgicprod<\/title>\n<meta name=\"robots\" content=\"index, follow, max-snippet:-1, max-image-preview:large, max-video-preview:-1\" \/>\n<link rel=\"canonical\" href=\"https:\/\/madgicprod.asia\/fr\/lee-bui\/\" \/>\n<meta property=\"og:locale\" content=\"fr_FR\" \/>\n<meta property=\"og:type\" content=\"article\" \/>\n<meta property=\"og:title\" content=\"Lee Bui - Madgicprod\" \/>\n<meta property=\"og:description\" content=\"Lee Bui est un excellent animateur et un magicien fantastique. Il sait comment faire en sorte que le public s&rsquo;\u00e9merveille devant chacun de ses myst\u00e8res. Il a remport\u00e9 le premier prix de magicien de sc\u00e8ne junior de Hanoi en 2012. Le seul Vietnamien \u00e0 avoir particip\u00e9 \u00e0 un festival international de magie en 2013. Il [&hellip;]\" \/>\n<meta property=\"og:url\" content=\"https:\/\/madgicprod.asia\/fr\/lee-bui\/\" \/>\n<meta property=\"og:site_name\" content=\"Madgicprod\" \/>\n<meta property=\"article:modified_time\" content=\"2023-05-02T15:19:06+00:00\" \/>\n<meta property=\"og:image\" content=\"https:\/\/i0.wp.com\/madgicprod.asia\/wp-content\/uploads\/2021\/12\/Lee-Bui-eyes.jpg?fit=4000%2C1298&ssl=1\" \/>\n\t<meta property=\"og:image:width\" content=\"4000\" \/>\n\t<meta property=\"og:image:height\" content=\"1298\" \/>\n\t<meta property=\"og:image:type\" content=\"image\/jpeg\" \/>\n<meta name=\"twitter:card\" content=\"summary_large_image\" \/>\n<script type=\"application\/ld+json\" class=\"yoast-schema-graph\">{\"@context\":\"https:\\\/\\\/schema.org\",\"@graph\":[{\"@type\":\"WebPage\",\"@id\":\"https:\\\/\\\/madgicprod.asia\\\/fr\\\/lee-bui\\\/\",\"url\":\"https:\\\/\\\/madgicprod.asia\\\/fr\\\/lee-bui\\\/\",\"name\":\"Lee Bui - Madgicprod\",\"isPartOf\":{\"@id\":\"https:\\\/\\\/madgicprod.asia\\\/fr\\\/#website\"},\"primaryImageOfPage\":{\"@id\":\"https:\\\/\\\/madgicprod.asia\\\/fr\\\/lee-bui\\\/#primaryimage\"},\"image\":{\"@id\":\"https:\\\/\\\/madgicprod.asia\\\/fr\\\/lee-bui\\\/#primaryimage\"},\"thumbnailUrl\":\"https:\\\/\\\/i0.wp.com\\\/madgicprod.asia\\\/wp-content\\\/uploads\\\/2021\\\/12\\\/Lee-Bui-eyes.jpg?fit=4000%2C1298&ssl=1\",\"datePublished\":\"2021-12-02T11:21:56+00:00\",\"dateModified\":\"2023-05-02T15:19:06+00:00\",\"breadcrumb\":{\"@id\":\"https:\\\/\\\/madgicprod.asia\\\/fr\\\/lee-bui\\\/#breadcrumb\"},\"inLanguage\":\"fr-FR\",\"potentialAction\":[{\"@type\":\"ReadAction\",\"target\":[\"https:\\\/\\\/madgicprod.asia\\\/fr\\\/lee-bui\\\/\"]}]},{\"@type\":\"ImageObject\",\"inLanguage\":\"fr-FR\",\"@id\":\"https:\\\/\\\/madgicprod.asia\\\/fr\\\/lee-bui\\\/#primaryimage\",\"url\":\"https:\\\/\\\/i0.wp.com\\\/madgicprod.asia\\\/wp-content\\\/uploads\\\/2021\\\/12\\\/Lee-Bui-eyes.jpg?fit=4000%2C1298&ssl=1\",\"contentUrl\":\"https:\\\/\\\/i0.wp.com\\\/madgicprod.asia\\\/wp-content\\\/uploads\\\/2021\\\/12\\\/Lee-Bui-eyes.jpg?fit=4000%2C1298&ssl=1\",\"width\":4000,\"height\":1298},{\"@type\":\"BreadcrumbList\",\"@id\":\"https:\\\/\\\/madgicprod.asia\\\/fr\\\/lee-bui\\\/#breadcrumb\",\"itemListElement\":[{\"@type\":\"ListItem\",\"position\":1,\"name\":\"Home\",\"item\":\"https:\\\/\\\/madgicprod.asia\\\/fr\\\/\"},{\"@type\":\"ListItem\",\"position\":2,\"name\":\"Lee Bui\"}]},{\"@type\":\"WebSite\",\"@id\":\"https:\\\/\\\/madgicprod.asia\\\/fr\\\/#website\",\"url\":\"https:\\\/\\\/madgicprod.asia\\\/fr\\\/\",\"name\":\"Madgicprod\",\"description\":\"Let&#039;s reveal your magic...\",\"publisher\":{\"@id\":\"https:\\\/\\\/madgicprod.asia\\\/fr\\\/#organization\"},\"potentialAction\":[{\"@type\":\"SearchAction\",\"target\":{\"@type\":\"EntryPoint\",\"urlTemplate\":\"https:\\\/\\\/madgicprod.asia\\\/fr\\\/?s={search_term_string}\"},\"query-input\":{\"@type\":\"PropertyValueSpecification\",\"valueRequired\":true,\"valueName\":\"search_term_string\"}}],\"inLanguage\":\"fr-FR\"},{\"@type\":\"Organization\",\"@id\":\"https:\\\/\\\/madgicprod.asia\\\/fr\\\/#organization\",\"name\":\"Madgicprod\",\"url\":\"https:\\\/\\\/madgicprod.asia\\\/fr\\\/\",\"logo\":{\"@type\":\"ImageObject\",\"inLanguage\":\"fr-FR\",\"@id\":\"https:\\\/\\\/madgicprod.asia\\\/fr\\\/#\\\/schema\\\/logo\\\/image\\\/\",\"url\":\"https:\\\/\\\/i0.wp.com\\\/madgicprod.asia\\\/wp-content\\\/uploads\\\/2020\\\/10\\\/madgicprod-logo-wht-1-e1603184756652.jpg?fit=659%2C182&ssl=1\",\"contentUrl\":\"https:\\\/\\\/i0.wp.com\\\/madgicprod.asia\\\/wp-content\\\/uploads\\\/2020\\\/10\\\/madgicprod-logo-wht-1-e1603184756652.jpg?fit=659%2C182&ssl=1\",\"width\":659,\"height\":182,\"caption\":\"Madgicprod\"},\"image\":{\"@id\":\"https:\\\/\\\/madgicprod.asia\\\/fr\\\/#\\\/schema\\\/logo\\\/image\\\/\"}}]}<\/script>\n<!-- \/ Yoast SEO plugin. -->","yoast_head_json":{"title":"Lee Bui - Madgicprod","robots":{"index":"index","follow":"follow","max-snippet":"max-snippet:-1","max-image-preview":"max-image-preview:large","max-video-preview":"max-video-preview:-1"},"canonical":"https:\/\/madgicprod.asia\/fr\/lee-bui\/","og_locale":"fr_FR","og_type":"article","og_title":"Lee Bui - Madgicprod","og_description":"Lee Bui est un excellent animateur et un magicien fantastique. Il sait comment faire en sorte que le public s&rsquo;\u00e9merveille devant chacun de ses myst\u00e8res. Il a remport\u00e9 le premier prix de magicien de sc\u00e8ne junior de Hanoi en 2012. Le seul Vietnamien \u00e0 avoir particip\u00e9 \u00e0 un festival international de magie en 2013. Il [&hellip;]","og_url":"https:\/\/madgicprod.asia\/fr\/lee-bui\/","og_site_name":"Madgicprod","article_modified_time":"2023-05-02T15:19:06+00:00","og_image":[{"width":4000,"height":1298,"url":"https:\/\/i0.wp.com\/madgicprod.asia\/wp-content\/uploads\/2021\/12\/Lee-Bui-eyes.jpg?fit=4000%2C1298&ssl=1","type":"image\/jpeg"}],"twitter_card":"summary_large_image","schema":{"@context":"https:\/\/schema.org","@graph":[{"@type":"WebPage","@id":"https:\/\/madgicprod.asia\/fr\/lee-bui\/","url":"https:\/\/madgicprod.asia\/fr\/lee-bui\/","name":"Lee Bui - Madgicprod","isPartOf":{"@id":"https:\/\/madgicprod.asia\/fr\/#website"},"primaryImageOfPage":{"@id":"https:\/\/madgicprod.asia\/fr\/lee-bui\/#primaryimage"},"image":{"@id":"https:\/\/madgicprod.asia\/fr\/lee-bui\/#primaryimage"},"thumbnailUrl":"https:\/\/i0.wp.com\/madgicprod.asia\/wp-content\/uploads\/2021\/12\/Lee-Bui-eyes.jpg?fit=4000%2C1298&ssl=1","datePublished":"2021-12-02T11:21:56+00:00","dateModified":"2023-05-02T15:19:06+00:00","breadcrumb":{"@id":"https:\/\/madgicprod.asia\/fr\/lee-bui\/#breadcrumb"},"inLanguage":"fr-FR","potentialAction":[{"@type":"ReadAction","target":["https:\/\/madgicprod.asia\/fr\/lee-bui\/"]}]},{"@type":"ImageObject","inLanguage":"fr-FR","@id":"https:\/\/madgicprod.asia\/fr\/lee-bui\/#primaryimage","url":"https:\/\/i0.wp.com\/madgicprod.asia\/wp-content\/uploads\/2021\/12\/Lee-Bui-eyes.jpg?fit=4000%2C1298&ssl=1","contentUrl":"https:\/\/i0.wp.com\/madgicprod.asia\/wp-content\/uploads\/2021\/12\/Lee-Bui-eyes.jpg?fit=4000%2C1298&ssl=1","width":4000,"height":1298},{"@type":"BreadcrumbList","@id":"https:\/\/madgicprod.asia\/fr\/lee-bui\/#breadcrumb","itemListElement":[{"@type":"ListItem","position":1,"name":"Home","item":"https:\/\/madgicprod.asia\/fr\/"},{"@type":"ListItem","position":2,"name":"Lee Bui"}]},{"@type":"WebSite","@id":"https:\/\/madgicprod.asia\/fr\/#website","url":"https:\/\/madgicprod.asia\/fr\/","name":"Madgicprod","description":"Let&#039;s reveal your magic...","publisher":{"@id":"https:\/\/madgicprod.asia\/fr\/#organization"},"potentialAction":[{"@type":"SearchAction","target":{"@type":"EntryPoint","urlTemplate":"https:\/\/madgicprod.asia\/fr\/?s={search_term_string}"},"query-input":{"@type":"PropertyValueSpecification","valueRequired":true,"valueName":"search_term_string"}}],"inLanguage":"fr-FR"},{"@type":"Organization","@id":"https:\/\/madgicprod.asia\/fr\/#organization","name":"Madgicprod","url":"https:\/\/madgicprod.asia\/fr\/","logo":{"@type":"ImageObject","inLanguage":"fr-FR","@id":"https:\/\/madgicprod.asia\/fr\/#\/schema\/logo\/image\/","url":"https:\/\/i0.wp.com\/madgicprod.asia\/wp-content\/uploads\/2020\/10\/madgicprod-logo-wht-1-e1603184756652.jpg?fit=659%2C182&ssl=1","contentUrl":"https:\/\/i0.wp.com\/madgicprod.asia\/wp-content\/uploads\/2020\/10\/madgicprod-logo-wht-1-e1603184756652.jpg?fit=659%2C182&ssl=1","width":659,"height":182,"caption":"Madgicprod"},"image":{"@id":"https:\/\/madgicprod.asia\/fr\/#\/schema\/logo\/image\/"}}]}},"jetpack_sharing_enabled":true,"jetpack_shortlink":"https:\/\/wp.me\/Pag6lm-Ta","jetpack_likes_enabled":false,"_links":{"self":[{"href":"https:\/\/madgicprod.asia\/fr\/wp-json\/wp\/v2\/pages\/3420","targetHints":{"allow":["GET"]}}],"collection":[{"href":"https:\/\/madgicprod.asia\/fr\/wp-json\/wp\/v2\/pages"}],"about":[{"href":"https:\/\/madgicprod.asia\/fr\/wp-json\/wp\/v2\/types\/page"}],"author":[{"embeddable":true,"href":"https:\/\/madgicprod.asia\/fr\/wp-json\/wp\/v2\/users\/2"}],"replies":[{"embeddable":true,"href":"https:\/\/madgicprod.asia\/fr\/wp-json\/wp\/v2\/comments?post=3420"}],"version-history":[{"count":2,"href":"https:\/\/madgicprod.asia\/fr\/wp-json\/wp\/v2\/pages\/3420\/revisions"}],"predecessor-version":[{"id":3427,"href":"https:\/\/madgicprod.asia\/fr\/wp-json\/wp\/v2\/pages\/3420\/revisions\/3427"}],"wp:featuredmedia":[{"embeddable":true,"href":"https:\/\/madgicprod.asia\/fr\/wp-json\/wp\/v2\/media\/3313"}],"wp:attachment":[{"href":"https:\/\/madgicprod.asia\/fr\/wp-json\/wp\/v2\/media?parent=3420"}],"curies":[{"name":"wp","href":"https:\/\/api.w.org\/{rel}","templated":true}]}}