{"id":3432,"date":"2018-09-27T12:45:06","date_gmt":"2018-09-27T04:45:06","guid":{"rendered":"https:\/\/madgicprod.asia\/ce-que-nous-faisons\/"},"modified":"2024-02-23T01:06:54","modified_gmt":"2024-02-22T17:06:54","slug":"ce-que-nous-faisons","status":"publish","type":"page","link":"https:\/\/madgicprod.asia\/fr\/ce-que-nous-faisons\/","title":{"rendered":"Qui sommes-nous ?"},"content":{"rendered":"<p style=\"text-align: center;\">Nous cr\u00e9ons des exp\u00e9riences magiques et innovantes qui permettront \u00e0 votre marque de se d\u00e9marquer de la concurrence.<\/p>\n<p><a href=\"https:\/\/madgicprod.asia\/fr\/outils-de-marketing-commercial\/\">Qui sommes-nous ?<\/a><\/p>\n<p style=\"text-align: center;\"><strong><a href=\"https:\/\/madgicprod.asia\/fr\/outils-de-marketing-commercial\/\"><img data-recalc-dims=\"1\" loading=\"lazy\" decoding=\"async\" class=\"alignnone size-full wp-image-815\" src=\"https:\/\/i0.wp.com\/madgicprod.asia\/wp-content\/uploads\/2018\/10\/BandRetailTXT2.jpg?resize=1000%2C250&#038;ssl=1\" alt=\"BandRetailTXT2\" width=\"1000\" height=\"250\" srcset=\"https:\/\/i0.wp.com\/madgicprod.asia\/wp-content\/uploads\/2018\/10\/BandRetailTXT2.jpg?w=2000&amp;ssl=1 2000w, https:\/\/i0.wp.com\/madgicprod.asia\/wp-content\/uploads\/2018\/10\/BandRetailTXT2.jpg?resize=150%2C38&amp;ssl=1 150w, https:\/\/i0.wp.com\/madgicprod.asia\/wp-content\/uploads\/2018\/10\/BandRetailTXT2.jpg?resize=300%2C75&amp;ssl=1 300w, https:\/\/i0.wp.com\/madgicprod.asia\/wp-content\/uploads\/2018\/10\/BandRetailTXT2.jpg?resize=1024%2C256&amp;ssl=1 1024w\" sizes=\"auto, (max-width: 1000px) 100vw, 1000px\" \/><img data-recalc-dims=\"1\" loading=\"lazy\" decoding=\"async\" class=\"alignnone size-full wp-image-813\" src=\"https:\/\/i0.wp.com\/madgicprod.asia\/wp-content\/uploads\/2018\/10\/BandEventTXT2.jpg?resize=1000%2C250&#038;ssl=1\" alt=\"BandEventTXT2\" width=\"1000\" height=\"250\" srcset=\"https:\/\/i0.wp.com\/madgicprod.asia\/wp-content\/uploads\/2018\/10\/BandEventTXT2.jpg?w=2000&amp;ssl=1 2000w, https:\/\/i0.wp.com\/madgicprod.asia\/wp-content\/uploads\/2018\/10\/BandEventTXT2.jpg?resize=150%2C38&amp;ssl=1 150w, https:\/\/i0.wp.com\/madgicprod.asia\/wp-content\/uploads\/2018\/10\/BandEventTXT2.jpg?resize=300%2C75&amp;ssl=1 300w, https:\/\/i0.wp.com\/madgicprod.asia\/wp-content\/uploads\/2018\/10\/BandEventTXT2.jpg?resize=1024%2C256&amp;ssl=1 1024w\" sizes=\"auto, (max-width: 1000px) 100vw, 1000px\" \/><\/a><br \/><a href=\"https:\/\/madgicprod.asia\/fr\/outils-dincitation-et-de-motivation\/\"><img data-recalc-dims=\"1\" loading=\"lazy\" decoding=\"async\" class=\"alignnone size-full wp-image-812\" src=\"https:\/\/i0.wp.com\/madgicprod.asia\/wp-content\/uploads\/2018\/10\/BandCorporateTXT2.jpg?resize=1000%2C250&#038;ssl=1\" alt=\"BandeCorporateTXT2\" width=\"1000\" height=\"250\" srcset=\"https:\/\/i0.wp.com\/madgicprod.asia\/wp-content\/uploads\/2018\/10\/BandCorporateTXT2.jpg?w=2000&amp;ssl=1 2000w, https:\/\/i0.wp.com\/madgicprod.asia\/wp-content\/uploads\/2018\/10\/BandCorporateTXT2.jpg?resize=150%2C38&amp;ssl=1 150w, https:\/\/i0.wp.com\/madgicprod.asia\/wp-content\/uploads\/2018\/10\/BandCorporateTXT2.jpg?resize=300%2C75&amp;ssl=1 300w, https:\/\/i0.wp.com\/madgicprod.asia\/wp-content\/uploads\/2018\/10\/BandCorporateTXT2.jpg?resize=1024%2C256&amp;ssl=1 1024w\" sizes=\"auto, (max-width: 1000px) 100vw, 1000px\" \/><\/a><br \/><a href=\"https:\/\/madgicprod.asia\/fr\/hotellerie-de-luxe-divertissement\/\"><img data-recalc-dims=\"1\" loading=\"lazy\" decoding=\"async\" class=\"alignnone size-full wp-image-814\" src=\"https:\/\/i0.wp.com\/madgicprod.asia\/wp-content\/uploads\/2018\/10\/BandDinerSecretTXT2.jpg?resize=1000%2C250&#038;ssl=1\" alt=\"BandDinerSecretTXT2\" width=\"1000\" height=\"250\" srcset=\"https:\/\/i0.wp.com\/madgicprod.asia\/wp-content\/uploads\/2018\/10\/BandDinerSecretTXT2.jpg?w=2000&amp;ssl=1 2000w, https:\/\/i0.wp.com\/madgicprod.asia\/wp-content\/uploads\/2018\/10\/BandDinerSecretTXT2.jpg?resize=150%2C38&amp;ssl=1 150w, https:\/\/i0.wp.com\/madgicprod.asia\/wp-content\/uploads\/2018\/10\/BandDinerSecretTXT2.jpg?resize=300%2C75&amp;ssl=1 300w, https:\/\/i0.wp.com\/madgicprod.asia\/wp-content\/uploads\/2018\/10\/BandDinerSecretTXT2.jpg?resize=1024%2C256&amp;ssl=1 1024w\" sizes=\"auto, (max-width: 1000px) 100vw, 1000px\" \/><\/a><br \/><a href=\"https:\/\/madgicprod.asia\/fr\/hong-kong\/\"><img data-recalc-dims=\"1\" loading=\"lazy\" decoding=\"async\" class=\"alignnone size-full wp-image-865\" src=\"https:\/\/i0.wp.com\/madgicprod.asia\/wp-content\/uploads\/2018\/10\/BandMagicAgencyTXT.jpg?resize=1000%2C250&#038;ssl=1\" alt=\"BandMagicAgencyTXT\" width=\"1000\" height=\"250\" srcset=\"https:\/\/i0.wp.com\/madgicprod.asia\/wp-content\/uploads\/2018\/10\/BandMagicAgencyTXT.jpg?w=2000&amp;ssl=1 2000w, https:\/\/i0.wp.com\/madgicprod.asia\/wp-content\/uploads\/2018\/10\/BandMagicAgencyTXT.jpg?resize=150%2C38&amp;ssl=1 150w, https:\/\/i0.wp.com\/madgicprod.asia\/wp-content\/uploads\/2018\/10\/BandMagicAgencyTXT.jpg?resize=300%2C75&amp;ssl=1 300w, https:\/\/i0.wp.com\/madgicprod.asia\/wp-content\/uploads\/2018\/10\/BandMagicAgencyTXT.jpg?resize=1024%2C256&amp;ssl=1 1024w\" sizes=\"auto, (max-width: 1000px) 100vw, 1000px\" \/><\/a><br \/><\/strong><\/p>\n\n<figure class=\"wp-block-image size-large\"><a href=\"https:\/\/madgicprod.asia\/fr\/?page_id=3378\" target=\"_blank\" rel=\"noopener noreferrer\"><img data-recalc-dims=\"1\" loading=\"lazy\" decoding=\"async\" width=\"1000\" height=\"143\" src=\"https:\/\/i0.wp.com\/madgicprod.asia\/wp-content\/uploads\/2020\/10\/Logo-Madgic-online.jpg?resize=1000%2C143&#038;ssl=1\" alt=\"\" class=\"wp-image-1348\" srcset=\"https:\/\/i0.wp.com\/madgicprod.asia\/wp-content\/uploads\/2020\/10\/Logo-Madgic-online.jpg?resize=1024%2C146&amp;ssl=1 1024w, https:\/\/i0.wp.com\/madgicprod.asia\/wp-content\/uploads\/2020\/10\/Logo-Madgic-online.jpg?resize=300%2C43&amp;ssl=1 300w, https:\/\/i0.wp.com\/madgicprod.asia\/wp-content\/uploads\/2020\/10\/Logo-Madgic-online.jpg?resize=150%2C21&amp;ssl=1 150w, https:\/\/i0.wp.com\/madgicprod.asia\/wp-content\/uploads\/2020\/10\/Logo-Madgic-online.jpg?resize=768%2C110&amp;ssl=1 768w, https:\/\/i0.wp.com\/madgicprod.asia\/wp-content\/uploads\/2020\/10\/Logo-Madgic-online.jpg?w=1280&amp;ssl=1 1280w\" sizes=\"auto, (max-width: 1000px) 100vw, 1000px\" \/><\/a><\/figure>\n","protected":false},"excerpt":{"rendered":"<p>Nous cr\u00e9ons des exp\u00e9riences magiques et innovantes qui permettront \u00e0 votre marque de se d\u00e9marquer de la concurrence. Qui sommes-nous ?<\/p>\n","protected":false},"author":2,"featured_media":3146,"parent":0,"menu_order":0,"comment_status":"closed","ping_status":"closed","template":"","meta":{"footnotes":""},"class_list":["post-3432","page","type-page","status-publish","has-post-thumbnail","hentry"],"yoast_head":"<!-- This site is optimized with the Yoast SEO plugin v27.4 - https:\/\/yoast.com\/product\/yoast-seo-wordpress\/ -->\n<title>Qui sommes-nous ? - Madgicprod<\/title>\n<meta name=\"robots\" content=\"index, follow, max-snippet:-1, max-image-preview:large, max-video-preview:-1\" \/>\n<link rel=\"canonical\" href=\"https:\/\/madgicprod.asia\/fr\/ce-que-nous-faisons\/\" \/>\n<meta property=\"og:locale\" content=\"fr_FR\" \/>\n<meta property=\"og:type\" content=\"article\" \/>\n<meta property=\"og:title\" content=\"Qui sommes-nous ? - Madgicprod\" \/>\n<meta property=\"og:description\" content=\"Nous cr\u00e9ons des exp\u00e9riences magiques et innovantes qui permettront \u00e0 votre marque de se d\u00e9marquer de la concurrence. Qui sommes-nous ?\" \/>\n<meta property=\"og:url\" content=\"https:\/\/madgicprod.asia\/fr\/ce-que-nous-faisons\/\" \/>\n<meta property=\"og:site_name\" content=\"Madgicprod\" \/>\n<meta property=\"article:modified_time\" content=\"2024-02-22T17:06:54+00:00\" \/>\n<meta property=\"og:image\" content=\"https:\/\/i0.wp.com\/madgicprod.asia\/wp-content\/uploads\/2018\/10\/bandnao.jpg?fit=2000%2C500&ssl=1\" \/>\n\t<meta property=\"og:image:width\" content=\"2000\" \/>\n\t<meta property=\"og:image:height\" content=\"500\" \/>\n\t<meta property=\"og:image:type\" content=\"image\/jpeg\" \/>\n<meta name=\"twitter:card\" content=\"summary_large_image\" \/>\n<meta name=\"twitter:label1\" content=\"Dur\u00e9e de lecture estim\u00e9e\" \/>\n\t<meta name=\"twitter:data1\" content=\"2 minutes\" \/>\n<script type=\"application\/ld+json\" class=\"yoast-schema-graph\">{\"@context\":\"https:\\\/\\\/schema.org\",\"@graph\":[{\"@type\":\"WebPage\",\"@id\":\"https:\\\/\\\/madgicprod.asia\\\/fr\\\/ce-que-nous-faisons\\\/\",\"url\":\"https:\\\/\\\/madgicprod.asia\\\/fr\\\/ce-que-nous-faisons\\\/\",\"name\":\"Qui sommes-nous ? - Madgicprod\",\"isPartOf\":{\"@id\":\"https:\\\/\\\/madgicprod.asia\\\/fr\\\/#website\"},\"primaryImageOfPage\":{\"@id\":\"https:\\\/\\\/madgicprod.asia\\\/fr\\\/ce-que-nous-faisons\\\/#primaryimage\"},\"image\":{\"@id\":\"https:\\\/\\\/madgicprod.asia\\\/fr\\\/ce-que-nous-faisons\\\/#primaryimage\"},\"thumbnailUrl\":\"https:\\\/\\\/i0.wp.com\\\/madgicprod.asia\\\/wp-content\\\/uploads\\\/2018\\\/10\\\/bandnao.jpg?fit=2000%2C500&ssl=1\",\"datePublished\":\"2018-09-27T04:45:06+00:00\",\"dateModified\":\"2024-02-22T17:06:54+00:00\",\"breadcrumb\":{\"@id\":\"https:\\\/\\\/madgicprod.asia\\\/fr\\\/ce-que-nous-faisons\\\/#breadcrumb\"},\"inLanguage\":\"fr-FR\",\"potentialAction\":[{\"@type\":\"ReadAction\",\"target\":[\"https:\\\/\\\/madgicprod.asia\\\/fr\\\/ce-que-nous-faisons\\\/\"]}]},{\"@type\":\"ImageObject\",\"inLanguage\":\"fr-FR\",\"@id\":\"https:\\\/\\\/madgicprod.asia\\\/fr\\\/ce-que-nous-faisons\\\/#primaryimage\",\"url\":\"https:\\\/\\\/i0.wp.com\\\/madgicprod.asia\\\/wp-content\\\/uploads\\\/2018\\\/10\\\/bandnao.jpg?fit=2000%2C500&ssl=1\",\"contentUrl\":\"https:\\\/\\\/i0.wp.com\\\/madgicprod.asia\\\/wp-content\\\/uploads\\\/2018\\\/10\\\/bandnao.jpg?fit=2000%2C500&ssl=1\",\"width\":\"2000\",\"height\":\"500\"},{\"@type\":\"BreadcrumbList\",\"@id\":\"https:\\\/\\\/madgicprod.asia\\\/fr\\\/ce-que-nous-faisons\\\/#breadcrumb\",\"itemListElement\":[{\"@type\":\"ListItem\",\"position\":1,\"name\":\"Home\",\"item\":\"https:\\\/\\\/madgicprod.asia\\\/fr\\\/\"},{\"@type\":\"ListItem\",\"position\":2,\"name\":\"Qui sommes-nous ?\"}]},{\"@type\":\"WebSite\",\"@id\":\"https:\\\/\\\/madgicprod.asia\\\/fr\\\/#website\",\"url\":\"https:\\\/\\\/madgicprod.asia\\\/fr\\\/\",\"name\":\"Madgicprod\",\"description\":\"Let&#039;s reveal your magic...\",\"publisher\":{\"@id\":\"https:\\\/\\\/madgicprod.asia\\\/fr\\\/#organization\"},\"potentialAction\":[{\"@type\":\"SearchAction\",\"target\":{\"@type\":\"EntryPoint\",\"urlTemplate\":\"https:\\\/\\\/madgicprod.asia\\\/fr\\\/?s={search_term_string}\"},\"query-input\":{\"@type\":\"PropertyValueSpecification\",\"valueRequired\":true,\"valueName\":\"search_term_string\"}}],\"inLanguage\":\"fr-FR\"},{\"@type\":\"Organization\",\"@id\":\"https:\\\/\\\/madgicprod.asia\\\/fr\\\/#organization\",\"name\":\"Madgicprod\",\"url\":\"https:\\\/\\\/madgicprod.asia\\\/fr\\\/\",\"logo\":{\"@type\":\"ImageObject\",\"inLanguage\":\"fr-FR\",\"@id\":\"https:\\\/\\\/madgicprod.asia\\\/fr\\\/#\\\/schema\\\/logo\\\/image\\\/\",\"url\":\"https:\\\/\\\/i0.wp.com\\\/madgicprod.asia\\\/wp-content\\\/uploads\\\/2020\\\/10\\\/madgicprod-logo-wht-1-e1603184756652.jpg?fit=659%2C182&ssl=1\",\"contentUrl\":\"https:\\\/\\\/i0.wp.com\\\/madgicprod.asia\\\/wp-content\\\/uploads\\\/2020\\\/10\\\/madgicprod-logo-wht-1-e1603184756652.jpg?fit=659%2C182&ssl=1\",\"width\":659,\"height\":182,\"caption\":\"Madgicprod\"},\"image\":{\"@id\":\"https:\\\/\\\/madgicprod.asia\\\/fr\\\/#\\\/schema\\\/logo\\\/image\\\/\"}}]}<\/script>\n<!-- \/ Yoast SEO plugin. -->","yoast_head_json":{"title":"Qui sommes-nous ? - Madgicprod","robots":{"index":"index","follow":"follow","max-snippet":"max-snippet:-1","max-image-preview":"max-image-preview:large","max-video-preview":"max-video-preview:-1"},"canonical":"https:\/\/madgicprod.asia\/fr\/ce-que-nous-faisons\/","og_locale":"fr_FR","og_type":"article","og_title":"Qui sommes-nous ? - Madgicprod","og_description":"Nous cr\u00e9ons des exp\u00e9riences magiques et innovantes qui permettront \u00e0 votre marque de se d\u00e9marquer de la concurrence. Qui sommes-nous ?","og_url":"https:\/\/madgicprod.asia\/fr\/ce-que-nous-faisons\/","og_site_name":"Madgicprod","article_modified_time":"2024-02-22T17:06:54+00:00","og_image":[{"width":2000,"height":500,"url":"https:\/\/i0.wp.com\/madgicprod.asia\/wp-content\/uploads\/2018\/10\/bandnao.jpg?fit=2000%2C500&ssl=1","type":"image\/jpeg"}],"twitter_card":"summary_large_image","twitter_misc":{"Dur\u00e9e de lecture estim\u00e9e":"2 minutes"},"schema":{"@context":"https:\/\/schema.org","@graph":[{"@type":"WebPage","@id":"https:\/\/madgicprod.asia\/fr\/ce-que-nous-faisons\/","url":"https:\/\/madgicprod.asia\/fr\/ce-que-nous-faisons\/","name":"Qui sommes-nous ? - Madgicprod","isPartOf":{"@id":"https:\/\/madgicprod.asia\/fr\/#website"},"primaryImageOfPage":{"@id":"https:\/\/madgicprod.asia\/fr\/ce-que-nous-faisons\/#primaryimage"},"image":{"@id":"https:\/\/madgicprod.asia\/fr\/ce-que-nous-faisons\/#primaryimage"},"thumbnailUrl":"https:\/\/i0.wp.com\/madgicprod.asia\/wp-content\/uploads\/2018\/10\/bandnao.jpg?fit=2000%2C500&ssl=1","datePublished":"2018-09-27T04:45:06+00:00","dateModified":"2024-02-22T17:06:54+00:00","breadcrumb":{"@id":"https:\/\/madgicprod.asia\/fr\/ce-que-nous-faisons\/#breadcrumb"},"inLanguage":"fr-FR","potentialAction":[{"@type":"ReadAction","target":["https:\/\/madgicprod.asia\/fr\/ce-que-nous-faisons\/"]}]},{"@type":"ImageObject","inLanguage":"fr-FR","@id":"https:\/\/madgicprod.asia\/fr\/ce-que-nous-faisons\/#primaryimage","url":"https:\/\/i0.wp.com\/madgicprod.asia\/wp-content\/uploads\/2018\/10\/bandnao.jpg?fit=2000%2C500&ssl=1","contentUrl":"https:\/\/i0.wp.com\/madgicprod.asia\/wp-content\/uploads\/2018\/10\/bandnao.jpg?fit=2000%2C500&ssl=1","width":"2000","height":"500"},{"@type":"BreadcrumbList","@id":"https:\/\/madgicprod.asia\/fr\/ce-que-nous-faisons\/#breadcrumb","itemListElement":[{"@type":"ListItem","position":1,"name":"Home","item":"https:\/\/madgicprod.asia\/fr\/"},{"@type":"ListItem","position":2,"name":"Qui sommes-nous ?"}]},{"@type":"WebSite","@id":"https:\/\/madgicprod.asia\/fr\/#website","url":"https:\/\/madgicprod.asia\/fr\/","name":"Madgicprod","description":"Let&#039;s reveal your magic...","publisher":{"@id":"https:\/\/madgicprod.asia\/fr\/#organization"},"potentialAction":[{"@type":"SearchAction","target":{"@type":"EntryPoint","urlTemplate":"https:\/\/madgicprod.asia\/fr\/?s={search_term_string}"},"query-input":{"@type":"PropertyValueSpecification","valueRequired":true,"valueName":"search_term_string"}}],"inLanguage":"fr-FR"},{"@type":"Organization","@id":"https:\/\/madgicprod.asia\/fr\/#organization","name":"Madgicprod","url":"https:\/\/madgicprod.asia\/fr\/","logo":{"@type":"ImageObject","inLanguage":"fr-FR","@id":"https:\/\/madgicprod.asia\/fr\/#\/schema\/logo\/image\/","url":"https:\/\/i0.wp.com\/madgicprod.asia\/wp-content\/uploads\/2020\/10\/madgicprod-logo-wht-1-e1603184756652.jpg?fit=659%2C182&ssl=1","contentUrl":"https:\/\/i0.wp.com\/madgicprod.asia\/wp-content\/uploads\/2020\/10\/madgicprod-logo-wht-1-e1603184756652.jpg?fit=659%2C182&ssl=1","width":659,"height":182,"caption":"Madgicprod"},"image":{"@id":"https:\/\/madgicprod.asia\/fr\/#\/schema\/logo\/image\/"}}]}},"jetpack_sharing_enabled":true,"jetpack_shortlink":"https:\/\/wp.me\/Pag6lm-Tm","jetpack_likes_enabled":false,"_links":{"self":[{"href":"https:\/\/madgicprod.asia\/fr\/wp-json\/wp\/v2\/pages\/3432","targetHints":{"allow":["GET"]}}],"collection":[{"href":"https:\/\/madgicprod.asia\/fr\/wp-json\/wp\/v2\/pages"}],"about":[{"href":"https:\/\/madgicprod.asia\/fr\/wp-json\/wp\/v2\/types\/page"}],"author":[{"embeddable":true,"href":"https:\/\/madgicprod.asia\/fr\/wp-json\/wp\/v2\/users\/2"}],"replies":[{"embeddable":true,"href":"https:\/\/madgicprod.asia\/fr\/wp-json\/wp\/v2\/comments?post=3432"}],"version-history":[{"count":14,"href":"https:\/\/madgicprod.asia\/fr\/wp-json\/wp\/v2\/pages\/3432\/revisions"}],"predecessor-version":[{"id":3935,"href":"https:\/\/madgicprod.asia\/fr\/wp-json\/wp\/v2\/pages\/3432\/revisions\/3935"}],"wp:featuredmedia":[{"embeddable":true,"href":"https:\/\/madgicprod.asia\/fr\/wp-json\/wp\/v2\/media\/3146"}],"wp:attachment":[{"href":"https:\/\/madgicprod.asia\/fr\/wp-json\/wp\/v2\/media?parent=3432"}],"curies":[{"name":"wp","href":"https:\/\/api.w.org\/{rel}","templated":true}]}}