{"id":3433,"date":"2020-10-20T16:28:00","date_gmt":"2020-10-20T08:28:00","guid":{"rendered":"https:\/\/madgicprod.asia\/magie\/"},"modified":"2023-05-04T00:53:36","modified_gmt":"2023-05-03T16:53:36","slug":"magie","status":"publish","type":"page","link":"https:\/\/madgicprod.asia\/fr\/magie\/","title":{"rendered":"Madgic@"},"content":{"rendered":"\n<p class=\"has-text-align-center\"><strong>Madgic@ est l&rsquo;exp\u00e9rience de luxe pour la famille et les amis.<\/strong><\/p>\n\n<figure class=\"wp-block-video wp-block-embed is-type-video is-provider-videopress\"><div class=\"wp-block-embed__wrapper\">\n<iframe title=\"VideoPress Video Player\" aria-label='VideoPress Video Player' width='1000' height='563' src='https:\/\/videopress.com\/embed\/KrHVXuYy?cover=1&amp;preloadContent=metadata&amp;hd=1' frameborder='0' allowfullscreen data-resize-to-parent=\"true\" allow='clipboard-write'><\/iframe><script src='https:\/\/v0.wordpress.com\/js\/next\/videopress-iframe.js?m=1674852142'><\/script>\n<\/div><\/figure>\n\n<p>Apr\u00e8s son premier spectacle le 26 septembre 2020, <em>Madgic@ The Park<\/em> est devenu le spectacle de magie le plus populaire de Saigon, appr\u00e9ci\u00e9 par tous les publics.<\/p>\n\n<p>Exp\u00e9rience exquise con\u00e7ue pour les enfants et les adultes, <strong><em>Madgic@<\/em> m\u00eale magie, esprit de f\u00eate foraine et gourmandises de l&rsquo;enfance<\/strong>, cr\u00e9ant ainsi un moment inoubliable, id\u00e9ale pour un week-end en famille.<\/p>\n\n<p>Avec le c\u00e9l\u00e8bre illusionniste Stefan Leyshon, cette s\u00e9rie sensationnelle est pleine de rebondissements et de surprises que vous n&rsquo;oublierez pas.<\/p>\n\n<p>Pr\u00e9parez-vous \u00e0 \u00eatre \u00e9poustoufl\u00e9s par les splendides performances cr\u00e9atives de Stefan, tout en profitant d&rsquo;un apr\u00e8s-midi agr\u00e9able en famille. Le spectacle a lieu de 15h \u00e0 17h et le nombre de places est limit\u00e9.<\/p>\n\n<p>Bienvenue \u00e0 <em>Madgic@<\/em>!<\/p>\n\n<p class=\"has-text-align-center\"><em>Madgic@ est une exp\u00e9rience exclusive \u00e9crite et cr\u00e9\u00e9e par Katell Sevestre et Stefan Leyshon.<\/em><\/p>\n\n<div class=\"wp-block-file\"><a id=\"wp-block-file--media-d9223968-0ce9-4964-97b1-ead662acae00\" href=\"https:\/\/madgicprod.asia\/wp-content\/uploads\/2020\/10\/Park-Hyatt-Saigon-Seasoned-Traveller-October-2020.pdf\">Park Hyatt Saigon Seasoned Traveller Octobre 2020<\/a><a href=\"https:\/\/madgicprod.asia\/wp-content\/uploads\/2020\/10\/Park-Hyatt-Saigon-Seasoned-Traveller-October-2020.pdf\" class=\"wp-block-file__button\" download=\"\" aria-describedby=\"wp-block-file--media-d9223968-0ce9-4964-97b1-ead662acae00\">T\u00e9l\u00e9charger<\/a><\/div>\n","protected":false},"excerpt":{"rendered":"<p>Madgic@ est l&rsquo;exp\u00e9rience de luxe pour la famille et les amis. Apr\u00e8s son premier spectacle le 26 septembre 2020, Madgic@ The Park est devenu le spectacle de magie le plus populaire de Saigon, appr\u00e9ci\u00e9 par tous les publics. Exp\u00e9rience exquise con\u00e7ue pour les enfants et les adultes, Madgic@ m\u00eale magie, esprit de f\u00eate foraine et <\/p>\n","protected":false},"author":2,"featured_media":3337,"parent":0,"menu_order":0,"comment_status":"closed","ping_status":"closed","template":"","meta":{"jetpack_post_was_ever_published":true,"footnotes":""},"class_list":["post-3433","page","type-page","status-publish","has-post-thumbnail","hentry"],"yoast_head":"<!-- This site is optimized with the Yoast SEO plugin v27.3 - https:\/\/yoast.com\/product\/yoast-seo-wordpress\/ -->\n<title>Madgic@ - Madgicprod<\/title>\n<meta name=\"robots\" content=\"index, follow, max-snippet:-1, max-image-preview:large, max-video-preview:-1\" \/>\n<link rel=\"canonical\" href=\"https:\/\/madgicprod.asia\/fr\/magie\/\" \/>\n<meta property=\"og:locale\" content=\"fr_FR\" \/>\n<meta property=\"og:type\" content=\"article\" \/>\n<meta property=\"og:title\" content=\"Madgic@ - Madgicprod\" \/>\n<meta property=\"og:description\" content=\"Madgic@ est l&rsquo;exp\u00e9rience de luxe pour la famille et les amis. Apr\u00e8s son premier spectacle le 26 septembre 2020, Madgic@ The Park est devenu le spectacle de magie le plus populaire de Saigon, appr\u00e9ci\u00e9 par tous les publics. Exp\u00e9rience exquise con\u00e7ue pour les enfants et les adultes, Madgic@ m\u00eale magie, esprit de f\u00eate foraine et [&hellip;]\" \/>\n<meta property=\"og:url\" content=\"https:\/\/madgicprod.asia\/fr\/magie\/\" \/>\n<meta property=\"og:site_name\" content=\"Madgicprod\" \/>\n<meta property=\"article:modified_time\" content=\"2023-05-03T16:53:36+00:00\" \/>\n<meta property=\"og:image\" content=\"https:\/\/madgicprod.asia\/wp-content\/uploads\/2021\/12\/cover1.jpg\" \/>\n\t<meta property=\"og:image:width\" content=\"1280\" \/>\n\t<meta property=\"og:image:height\" content=\"720\" \/>\n\t<meta property=\"og:image:type\" content=\"image\/jpeg\" \/>\n<meta name=\"twitter:card\" content=\"summary_large_image\" \/>\n<meta name=\"twitter:label1\" content=\"Dur\u00e9e de lecture estim\u00e9e\" \/>\n\t<meta name=\"twitter:data1\" content=\"1 minute\" \/>\n<script type=\"application\/ld+json\" class=\"yoast-schema-graph\">{\"@context\":\"https:\\\/\\\/schema.org\",\"@graph\":[{\"@type\":\"WebPage\",\"@id\":\"https:\\\/\\\/madgicprod.asia\\\/fr\\\/magie\\\/\",\"url\":\"https:\\\/\\\/madgicprod.asia\\\/fr\\\/magie\\\/\",\"name\":\"Madgic@ - Madgicprod\",\"isPartOf\":{\"@id\":\"https:\\\/\\\/madgicprod.asia\\\/fr\\\/#website\"},\"primaryImageOfPage\":{\"@id\":\"https:\\\/\\\/madgicprod.asia\\\/fr\\\/magie\\\/#primaryimage\"},\"image\":{\"@id\":\"https:\\\/\\\/madgicprod.asia\\\/fr\\\/magie\\\/#primaryimage\"},\"thumbnailUrl\":\"https:\\\/\\\/i0.wp.com\\\/madgicprod.asia\\\/wp-content\\\/uploads\\\/2021\\\/12\\\/cover1.jpg?fit=1280%2C720&ssl=1\",\"datePublished\":\"2020-10-20T08:28:00+00:00\",\"dateModified\":\"2023-05-03T16:53:36+00:00\",\"breadcrumb\":{\"@id\":\"https:\\\/\\\/madgicprod.asia\\\/fr\\\/magie\\\/#breadcrumb\"},\"inLanguage\":\"fr-FR\",\"potentialAction\":[{\"@type\":\"ReadAction\",\"target\":[\"https:\\\/\\\/madgicprod.asia\\\/fr\\\/magie\\\/\"]}]},{\"@type\":\"ImageObject\",\"inLanguage\":\"fr-FR\",\"@id\":\"https:\\\/\\\/madgicprod.asia\\\/fr\\\/magie\\\/#primaryimage\",\"url\":\"https:\\\/\\\/i0.wp.com\\\/madgicprod.asia\\\/wp-content\\\/uploads\\\/2021\\\/12\\\/cover1.jpg?fit=1280%2C720&ssl=1\",\"contentUrl\":\"https:\\\/\\\/i0.wp.com\\\/madgicprod.asia\\\/wp-content\\\/uploads\\\/2021\\\/12\\\/cover1.jpg?fit=1280%2C720&ssl=1\",\"width\":1280,\"height\":720},{\"@type\":\"BreadcrumbList\",\"@id\":\"https:\\\/\\\/madgicprod.asia\\\/fr\\\/magie\\\/#breadcrumb\",\"itemListElement\":[{\"@type\":\"ListItem\",\"position\":1,\"name\":\"Home\",\"item\":\"https:\\\/\\\/madgicprod.asia\\\/fr\\\/\"},{\"@type\":\"ListItem\",\"position\":2,\"name\":\"Madgic@\"}]},{\"@type\":\"WebSite\",\"@id\":\"https:\\\/\\\/madgicprod.asia\\\/fr\\\/#website\",\"url\":\"https:\\\/\\\/madgicprod.asia\\\/fr\\\/\",\"name\":\"Madgicprod\",\"description\":\"Let&#039;s reveal your magic...\",\"publisher\":{\"@id\":\"https:\\\/\\\/madgicprod.asia\\\/fr\\\/#organization\"},\"potentialAction\":[{\"@type\":\"SearchAction\",\"target\":{\"@type\":\"EntryPoint\",\"urlTemplate\":\"https:\\\/\\\/madgicprod.asia\\\/fr\\\/?s={search_term_string}\"},\"query-input\":{\"@type\":\"PropertyValueSpecification\",\"valueRequired\":true,\"valueName\":\"search_term_string\"}}],\"inLanguage\":\"fr-FR\"},{\"@type\":\"Organization\",\"@id\":\"https:\\\/\\\/madgicprod.asia\\\/fr\\\/#organization\",\"name\":\"Madgicprod\",\"url\":\"https:\\\/\\\/madgicprod.asia\\\/fr\\\/\",\"logo\":{\"@type\":\"ImageObject\",\"inLanguage\":\"fr-FR\",\"@id\":\"https:\\\/\\\/madgicprod.asia\\\/fr\\\/#\\\/schema\\\/logo\\\/image\\\/\",\"url\":\"https:\\\/\\\/i0.wp.com\\\/madgicprod.asia\\\/wp-content\\\/uploads\\\/2020\\\/10\\\/madgicprod-logo-wht-1-e1603184756652.jpg?fit=659%2C182&ssl=1\",\"contentUrl\":\"https:\\\/\\\/i0.wp.com\\\/madgicprod.asia\\\/wp-content\\\/uploads\\\/2020\\\/10\\\/madgicprod-logo-wht-1-e1603184756652.jpg?fit=659%2C182&ssl=1\",\"width\":659,\"height\":182,\"caption\":\"Madgicprod\"},\"image\":{\"@id\":\"https:\\\/\\\/madgicprod.asia\\\/fr\\\/#\\\/schema\\\/logo\\\/image\\\/\"}}]}<\/script>\n<!-- \/ Yoast SEO plugin. -->","yoast_head_json":{"title":"Madgic@ - Madgicprod","robots":{"index":"index","follow":"follow","max-snippet":"max-snippet:-1","max-image-preview":"max-image-preview:large","max-video-preview":"max-video-preview:-1"},"canonical":"https:\/\/madgicprod.asia\/fr\/magie\/","og_locale":"fr_FR","og_type":"article","og_title":"Madgic@ - Madgicprod","og_description":"Madgic@ est l&rsquo;exp\u00e9rience de luxe pour la famille et les amis. Apr\u00e8s son premier spectacle le 26 septembre 2020, Madgic@ The Park est devenu le spectacle de magie le plus populaire de Saigon, appr\u00e9ci\u00e9 par tous les publics. Exp\u00e9rience exquise con\u00e7ue pour les enfants et les adultes, Madgic@ m\u00eale magie, esprit de f\u00eate foraine et [&hellip;]","og_url":"https:\/\/madgicprod.asia\/fr\/magie\/","og_site_name":"Madgicprod","article_modified_time":"2023-05-03T16:53:36+00:00","og_image":[{"width":1280,"height":720,"url":"https:\/\/madgicprod.asia\/wp-content\/uploads\/2021\/12\/cover1.jpg","type":"image\/jpeg"}],"twitter_card":"summary_large_image","twitter_misc":{"Dur\u00e9e de lecture estim\u00e9e":"1 minute"},"schema":{"@context":"https:\/\/schema.org","@graph":[{"@type":"WebPage","@id":"https:\/\/madgicprod.asia\/fr\/magie\/","url":"https:\/\/madgicprod.asia\/fr\/magie\/","name":"Madgic@ - Madgicprod","isPartOf":{"@id":"https:\/\/madgicprod.asia\/fr\/#website"},"primaryImageOfPage":{"@id":"https:\/\/madgicprod.asia\/fr\/magie\/#primaryimage"},"image":{"@id":"https:\/\/madgicprod.asia\/fr\/magie\/#primaryimage"},"thumbnailUrl":"https:\/\/i0.wp.com\/madgicprod.asia\/wp-content\/uploads\/2021\/12\/cover1.jpg?fit=1280%2C720&ssl=1","datePublished":"2020-10-20T08:28:00+00:00","dateModified":"2023-05-03T16:53:36+00:00","breadcrumb":{"@id":"https:\/\/madgicprod.asia\/fr\/magie\/#breadcrumb"},"inLanguage":"fr-FR","potentialAction":[{"@type":"ReadAction","target":["https:\/\/madgicprod.asia\/fr\/magie\/"]}]},{"@type":"ImageObject","inLanguage":"fr-FR","@id":"https:\/\/madgicprod.asia\/fr\/magie\/#primaryimage","url":"https:\/\/i0.wp.com\/madgicprod.asia\/wp-content\/uploads\/2021\/12\/cover1.jpg?fit=1280%2C720&ssl=1","contentUrl":"https:\/\/i0.wp.com\/madgicprod.asia\/wp-content\/uploads\/2021\/12\/cover1.jpg?fit=1280%2C720&ssl=1","width":1280,"height":720},{"@type":"BreadcrumbList","@id":"https:\/\/madgicprod.asia\/fr\/magie\/#breadcrumb","itemListElement":[{"@type":"ListItem","position":1,"name":"Home","item":"https:\/\/madgicprod.asia\/fr\/"},{"@type":"ListItem","position":2,"name":"Madgic@"}]},{"@type":"WebSite","@id":"https:\/\/madgicprod.asia\/fr\/#website","url":"https:\/\/madgicprod.asia\/fr\/","name":"Madgicprod","description":"Let&#039;s reveal your magic...","publisher":{"@id":"https:\/\/madgicprod.asia\/fr\/#organization"},"potentialAction":[{"@type":"SearchAction","target":{"@type":"EntryPoint","urlTemplate":"https:\/\/madgicprod.asia\/fr\/?s={search_term_string}"},"query-input":{"@type":"PropertyValueSpecification","valueRequired":true,"valueName":"search_term_string"}}],"inLanguage":"fr-FR"},{"@type":"Organization","@id":"https:\/\/madgicprod.asia\/fr\/#organization","name":"Madgicprod","url":"https:\/\/madgicprod.asia\/fr\/","logo":{"@type":"ImageObject","inLanguage":"fr-FR","@id":"https:\/\/madgicprod.asia\/fr\/#\/schema\/logo\/image\/","url":"https:\/\/i0.wp.com\/madgicprod.asia\/wp-content\/uploads\/2020\/10\/madgicprod-logo-wht-1-e1603184756652.jpg?fit=659%2C182&ssl=1","contentUrl":"https:\/\/i0.wp.com\/madgicprod.asia\/wp-content\/uploads\/2020\/10\/madgicprod-logo-wht-1-e1603184756652.jpg?fit=659%2C182&ssl=1","width":659,"height":182,"caption":"Madgicprod"},"image":{"@id":"https:\/\/madgicprod.asia\/fr\/#\/schema\/logo\/image\/"}}]}},"jetpack_sharing_enabled":true,"jetpack_shortlink":"https:\/\/wp.me\/Pag6lm-Tn","jetpack_likes_enabled":false,"_links":{"self":[{"href":"https:\/\/madgicprod.asia\/fr\/wp-json\/wp\/v2\/pages\/3433","targetHints":{"allow":["GET"]}}],"collection":[{"href":"https:\/\/madgicprod.asia\/fr\/wp-json\/wp\/v2\/pages"}],"about":[{"href":"https:\/\/madgicprod.asia\/fr\/wp-json\/wp\/v2\/types\/page"}],"author":[{"embeddable":true,"href":"https:\/\/madgicprod.asia\/fr\/wp-json\/wp\/v2\/users\/2"}],"replies":[{"embeddable":true,"href":"https:\/\/madgicprod.asia\/fr\/wp-json\/wp\/v2\/comments?post=3433"}],"version-history":[{"count":8,"href":"https:\/\/madgicprod.asia\/fr\/wp-json\/wp\/v2\/pages\/3433\/revisions"}],"predecessor-version":[{"id":3507,"href":"https:\/\/madgicprod.asia\/fr\/wp-json\/wp\/v2\/pages\/3433\/revisions\/3507"}],"wp:featuredmedia":[{"embeddable":true,"href":"https:\/\/madgicprod.asia\/fr\/wp-json\/wp\/v2\/media\/3337"}],"wp:attachment":[{"href":"https:\/\/madgicprod.asia\/fr\/wp-json\/wp\/v2\/media?parent=3433"}],"curies":[{"name":"wp","href":"https:\/\/api.w.org\/{rel}","templated":true}]}}