{"id":3435,"date":"2018-09-27T18:01:57","date_gmt":"2018-09-27T10:01:57","guid":{"rendered":"https:\/\/madgicprod.asia\/stefan-leyshon\/"},"modified":"2024-02-23T02:14:37","modified_gmt":"2024-02-22T18:14:37","slug":"stefan-leyshon","status":"publish","type":"page","link":"https:\/\/madgicprod.asia\/fr\/stefan-leyshon\/","title":{"rendered":"Stefan Leyshon"},"content":{"rendered":"\n<div class=\"wp-block-file\"><a id=\"wp-block-file--media-1cfa4930-eaff-4d62-9673-ebed5fa0236b\" href=\"https:\/\/madgicprod.asia\/wp-content\/uploads\/2020\/10\/Bio-Stefan-Leyshon-1.pdf\">Bio Stefan Leyshon<\/a><a href=\"https:\/\/madgicprod.asia\/wp-content\/uploads\/2020\/10\/Bio-Stefan-Leyshon-1.pdf\" class=\"wp-block-file__button wp-element-button\" download=\"\" aria-describedby=\"wp-block-file--media-1cfa4930-eaff-4d62-9673-ebed5fa0236b\">T\u00e9l\u00e9charger<\/a><\/div>\n\n<div class=\"wp-block-file\"><a id=\"wp-block-file--media-8f268858-4aa5-455e-a2bd-2c32b1abfee8\" href=\"https:\/\/madgicprod.asia\/wp-content\/uploads\/2020\/10\/press-review-V7.pdf\">Revue de presse<\/a><a href=\"https:\/\/madgicprod.asia\/wp-content\/uploads\/2020\/10\/press-review-V7.pdf\" class=\"wp-block-file__button wp-element-button\" download=\"\" aria-describedby=\"wp-block-file--media-8f268858-4aa5-455e-a2bd-2c32b1abfee8\">T\u00e9l\u00e9charger<\/a><\/div>\n\n<figure class=\"wp-block-video wp-block-embed is-type-video is-provider-videopress\"><div class=\"wp-block-embed__wrapper\">\n<iframe title=\"VideoPress Video Player\" aria-label='VideoPress Video Player' width='1000' height='563' src='https:\/\/videopress.com\/embed\/xWTxqUB3?cover=1&amp;autoPlay=1&amp;loop=1&amp;preloadContent=metadata&amp;hd=1' frameborder='0' allowfullscreen data-resize-to-parent=\"true\" allow='clipboard-write'><\/iframe><script src='https:\/\/v0.wordpress.com\/js\/next\/videopress-iframe.js?m=1674852142'><\/script>\n<\/div><\/figure>\n\n<p>Stefan Leyshon est un artiste franco-britannique. Il se produit sur sc\u00e8ne en tant que magicien depuis l&rsquo;\u00e2ge de 11 ans. Il a fait ses premi\u00e8res apparitions t\u00e9l\u00e9vis\u00e9es \u00e0 la t\u00e9l\u00e9vision nationale fran\u00e7aise \u00e0 l&rsquo;\u00e2ge de 18 ans et a depuis particip\u00e9 \u00e0 plus de 300 spectacles t\u00e9l\u00e9vis\u00e9s.<\/p>\n\n<p>Artiste polyvalent, Stefan est \u00e9galement l&rsquo;une des personnalit\u00e9s les plus convoit\u00e9es dans le monde des \u00e9v\u00e9nements d&rsquo;entreprise.<\/p>\n\n<p>Il con\u00e7oit des cr\u00e9ations magiques contemporaines pour de grandes marques telles que Louis Vuitton, Chanel, Citro\u00ebn et Renault sur les Champs Elys\u00e9es.<\/p>\n\n<p>Il a acquis une reconnaissance artistique gr\u00e2ce \u00e0 ses travaux avec Charles Matton, Christian Fechner, Bettina Rheims, Robert Wilson, Philippe Model et Fabien Chalon. Il entra\u00eene \u00e9galement des acteurs fran\u00e7ais c\u00e9l\u00e8bres. Dans le monde de la publicit\u00e9, ses mains sont utilis\u00e9es par Chanel et Cartier. <\/p>\n\n<p>Souvent sollicit\u00e9 par les grandes entreprises de la mode et du luxe pour des apparitions, il est l&rsquo;ambassadeur magique de Louis Vuitton depuis plus de 15 ans et l&rsquo;h\u00f4te r\u00e9gulier d&rsquo;\u00e9v\u00e9nements prestigieux, dont l&rsquo;exposition universelle de Shanghai.<\/p>\n\n<p>Avec sa partenaire Katell Sevestre, ils ont cr\u00e9\u00e9 les premi\u00e8res exp\u00e9riences de magie sp\u00e9cialement d\u00e9di\u00e9es \u00e0 l&rsquo;h\u00f4tellerie de luxe, et les ont pr\u00e9sent\u00e9es dans de nombreux grands palaces \u00e0 travers le monde, du Plaza Ath\u00e9n\u00e9e Paris au Mandarin Oriental Hong Kong, en passant par le Park Hyatt Saigon, le Saint Regis Bora Bora,&#8230;<\/p>\n\n<p id=\"Stefan-Leyshon\">En tant que MC, Stefan est bilingue en fran\u00e7ais et en anglais. Reconnu professionnellement pour ses cr\u00e9ations technologiques avec des robots, des drones et la cartographie vid\u00e9o, il a \u00e9t\u00e9 invit\u00e9 \u00e0 accueillir de nombreux \u00e9v\u00e9nements internationaux et c\u00e9r\u00e9monies de remise de prix. Il est capable de maintenir l&rsquo;attention des invit\u00e9s gr\u00e2ce \u00e0 sa passion cr\u00e9ative, son charme myst\u00e9rieux et son humour plein d&rsquo;esprit.<\/p>\n","protected":false},"excerpt":{"rendered":"<p>Stefan Leyshon est un artiste franco-britannique. Il se produit sur sc\u00e8ne en tant que magicien depuis l&rsquo;\u00e2ge de 11 ans. Il a fait ses premi\u00e8res apparitions t\u00e9l\u00e9vis\u00e9es \u00e0 la t\u00e9l\u00e9vision nationale fran\u00e7aise \u00e0 l&rsquo;\u00e2ge de 18 ans et a depuis particip\u00e9 \u00e0 plus de 300 spectacles t\u00e9l\u00e9vis\u00e9s. Artiste polyvalent, Stefan est \u00e9galement l&rsquo;une des personnalit\u00e9s <\/p>\n","protected":false},"author":2,"featured_media":3966,"parent":0,"menu_order":0,"comment_status":"closed","ping_status":"closed","template":"","meta":{"footnotes":""},"class_list":["post-3435","page","type-page","status-publish","has-post-thumbnail","hentry"],"yoast_head":"<!-- This site is optimized with the Yoast SEO plugin v27.5 - https:\/\/yoast.com\/product\/yoast-seo-wordpress\/ -->\n<title>Stefan Leyshon - Madgicprod<\/title>\n<meta name=\"robots\" content=\"index, follow, max-snippet:-1, max-image-preview:large, max-video-preview:-1\" \/>\n<link rel=\"canonical\" href=\"https:\/\/madgicprod.asia\/fr\/stefan-leyshon\/\" \/>\n<meta property=\"og:locale\" content=\"fr_FR\" \/>\n<meta property=\"og:type\" content=\"article\" \/>\n<meta property=\"og:title\" content=\"Stefan Leyshon - Madgicprod\" \/>\n<meta property=\"og:description\" content=\"Stefan Leyshon est un artiste franco-britannique. Il se produit sur sc\u00e8ne en tant que magicien depuis l&rsquo;\u00e2ge de 11 ans. Il a fait ses premi\u00e8res apparitions t\u00e9l\u00e9vis\u00e9es \u00e0 la t\u00e9l\u00e9vision nationale fran\u00e7aise \u00e0 l&rsquo;\u00e2ge de 18 ans et a depuis particip\u00e9 \u00e0 plus de 300 spectacles t\u00e9l\u00e9vis\u00e9s. Artiste polyvalent, Stefan est \u00e9galement l&rsquo;une des personnalit\u00e9s [&hellip;]\" \/>\n<meta property=\"og:url\" content=\"https:\/\/madgicprod.asia\/fr\/stefan-leyshon\/\" \/>\n<meta property=\"og:site_name\" content=\"Madgicprod\" \/>\n<meta property=\"article:modified_time\" content=\"2024-02-22T18:14:37+00:00\" \/>\n<meta property=\"og:image\" content=\"https:\/\/madgicprod.asia\/wp-content\/uploads\/2024\/02\/STEFAN-LEYSHON-PARK-HYATT-SAIGON-VIETNAM-MAGICIEN-MADGICPROD-BD1.jpg\" \/>\n\t<meta property=\"og:image:width\" content=\"1184\" \/>\n\t<meta property=\"og:image:height\" content=\"270\" \/>\n\t<meta property=\"og:image:type\" content=\"image\/jpeg\" \/>\n<meta name=\"twitter:card\" content=\"summary_large_image\" \/>\n<meta name=\"twitter:label1\" content=\"Dur\u00e9e de lecture estim\u00e9e\" \/>\n\t<meta name=\"twitter:data1\" content=\"2 minutes\" \/>\n<script type=\"application\/ld+json\" class=\"yoast-schema-graph\">{\"@context\":\"https:\\\/\\\/schema.org\",\"@graph\":[{\"@type\":\"WebPage\",\"@id\":\"https:\\\/\\\/madgicprod.asia\\\/fr\\\/stefan-leyshon\\\/\",\"url\":\"https:\\\/\\\/madgicprod.asia\\\/fr\\\/stefan-leyshon\\\/\",\"name\":\"Stefan Leyshon - Madgicprod\",\"isPartOf\":{\"@id\":\"https:\\\/\\\/madgicprod.asia\\\/fr\\\/#website\"},\"primaryImageOfPage\":{\"@id\":\"https:\\\/\\\/madgicprod.asia\\\/fr\\\/stefan-leyshon\\\/#primaryimage\"},\"image\":{\"@id\":\"https:\\\/\\\/madgicprod.asia\\\/fr\\\/stefan-leyshon\\\/#primaryimage\"},\"thumbnailUrl\":\"https:\\\/\\\/i0.wp.com\\\/madgicprod.asia\\\/wp-content\\\/uploads\\\/2024\\\/02\\\/STEFAN-LEYSHON-PARK-HYATT-SAIGON-VIETNAM-MAGICIEN-MADGICPROD-BD1.jpg?fit=1184%2C270&ssl=1\",\"datePublished\":\"2018-09-27T10:01:57+00:00\",\"dateModified\":\"2024-02-22T18:14:37+00:00\",\"breadcrumb\":{\"@id\":\"https:\\\/\\\/madgicprod.asia\\\/fr\\\/stefan-leyshon\\\/#breadcrumb\"},\"inLanguage\":\"fr-FR\",\"potentialAction\":[{\"@type\":\"ReadAction\",\"target\":[\"https:\\\/\\\/madgicprod.asia\\\/fr\\\/stefan-leyshon\\\/\"]}]},{\"@type\":\"ImageObject\",\"inLanguage\":\"fr-FR\",\"@id\":\"https:\\\/\\\/madgicprod.asia\\\/fr\\\/stefan-leyshon\\\/#primaryimage\",\"url\":\"https:\\\/\\\/i0.wp.com\\\/madgicprod.asia\\\/wp-content\\\/uploads\\\/2024\\\/02\\\/STEFAN-LEYSHON-PARK-HYATT-SAIGON-VIETNAM-MAGICIEN-MADGICPROD-BD1.jpg?fit=1184%2C270&ssl=1\",\"contentUrl\":\"https:\\\/\\\/i0.wp.com\\\/madgicprod.asia\\\/wp-content\\\/uploads\\\/2024\\\/02\\\/STEFAN-LEYSHON-PARK-HYATT-SAIGON-VIETNAM-MAGICIEN-MADGICPROD-BD1.jpg?fit=1184%2C270&ssl=1\",\"width\":1184,\"height\":270},{\"@type\":\"BreadcrumbList\",\"@id\":\"https:\\\/\\\/madgicprod.asia\\\/fr\\\/stefan-leyshon\\\/#breadcrumb\",\"itemListElement\":[{\"@type\":\"ListItem\",\"position\":1,\"name\":\"Home\",\"item\":\"https:\\\/\\\/madgicprod.asia\\\/fr\\\/\"},{\"@type\":\"ListItem\",\"position\":2,\"name\":\"Stefan Leyshon\"}]},{\"@type\":\"WebSite\",\"@id\":\"https:\\\/\\\/madgicprod.asia\\\/fr\\\/#website\",\"url\":\"https:\\\/\\\/madgicprod.asia\\\/fr\\\/\",\"name\":\"Madgicprod\",\"description\":\"Let&#039;s reveal your magic...\",\"publisher\":{\"@id\":\"https:\\\/\\\/madgicprod.asia\\\/fr\\\/#organization\"},\"potentialAction\":[{\"@type\":\"SearchAction\",\"target\":{\"@type\":\"EntryPoint\",\"urlTemplate\":\"https:\\\/\\\/madgicprod.asia\\\/fr\\\/?s={search_term_string}\"},\"query-input\":{\"@type\":\"PropertyValueSpecification\",\"valueRequired\":true,\"valueName\":\"search_term_string\"}}],\"inLanguage\":\"fr-FR\"},{\"@type\":\"Organization\",\"@id\":\"https:\\\/\\\/madgicprod.asia\\\/fr\\\/#organization\",\"name\":\"Madgicprod\",\"url\":\"https:\\\/\\\/madgicprod.asia\\\/fr\\\/\",\"logo\":{\"@type\":\"ImageObject\",\"inLanguage\":\"fr-FR\",\"@id\":\"https:\\\/\\\/madgicprod.asia\\\/fr\\\/#\\\/schema\\\/logo\\\/image\\\/\",\"url\":\"https:\\\/\\\/i0.wp.com\\\/madgicprod.asia\\\/wp-content\\\/uploads\\\/2020\\\/10\\\/madgicprod-logo-wht-1-e1603184756652.jpg?fit=659%2C182&ssl=1\",\"contentUrl\":\"https:\\\/\\\/i0.wp.com\\\/madgicprod.asia\\\/wp-content\\\/uploads\\\/2020\\\/10\\\/madgicprod-logo-wht-1-e1603184756652.jpg?fit=659%2C182&ssl=1\",\"width\":659,\"height\":182,\"caption\":\"Madgicprod\"},\"image\":{\"@id\":\"https:\\\/\\\/madgicprod.asia\\\/fr\\\/#\\\/schema\\\/logo\\\/image\\\/\"}}]}<\/script>\n<!-- \/ Yoast SEO plugin. -->","yoast_head_json":{"title":"Stefan Leyshon - Madgicprod","robots":{"index":"index","follow":"follow","max-snippet":"max-snippet:-1","max-image-preview":"max-image-preview:large","max-video-preview":"max-video-preview:-1"},"canonical":"https:\/\/madgicprod.asia\/fr\/stefan-leyshon\/","og_locale":"fr_FR","og_type":"article","og_title":"Stefan Leyshon - Madgicprod","og_description":"Stefan Leyshon est un artiste franco-britannique. Il se produit sur sc\u00e8ne en tant que magicien depuis l&rsquo;\u00e2ge de 11 ans. Il a fait ses premi\u00e8res apparitions t\u00e9l\u00e9vis\u00e9es \u00e0 la t\u00e9l\u00e9vision nationale fran\u00e7aise \u00e0 l&rsquo;\u00e2ge de 18 ans et a depuis particip\u00e9 \u00e0 plus de 300 spectacles t\u00e9l\u00e9vis\u00e9s. Artiste polyvalent, Stefan est \u00e9galement l&rsquo;une des personnalit\u00e9s [&hellip;]","og_url":"https:\/\/madgicprod.asia\/fr\/stefan-leyshon\/","og_site_name":"Madgicprod","article_modified_time":"2024-02-22T18:14:37+00:00","og_image":[{"width":1184,"height":270,"url":"https:\/\/madgicprod.asia\/wp-content\/uploads\/2024\/02\/STEFAN-LEYSHON-PARK-HYATT-SAIGON-VIETNAM-MAGICIEN-MADGICPROD-BD1.jpg","type":"image\/jpeg"}],"twitter_card":"summary_large_image","twitter_misc":{"Dur\u00e9e de lecture estim\u00e9e":"2 minutes"},"schema":{"@context":"https:\/\/schema.org","@graph":[{"@type":"WebPage","@id":"https:\/\/madgicprod.asia\/fr\/stefan-leyshon\/","url":"https:\/\/madgicprod.asia\/fr\/stefan-leyshon\/","name":"Stefan Leyshon - Madgicprod","isPartOf":{"@id":"https:\/\/madgicprod.asia\/fr\/#website"},"primaryImageOfPage":{"@id":"https:\/\/madgicprod.asia\/fr\/stefan-leyshon\/#primaryimage"},"image":{"@id":"https:\/\/madgicprod.asia\/fr\/stefan-leyshon\/#primaryimage"},"thumbnailUrl":"https:\/\/i0.wp.com\/madgicprod.asia\/wp-content\/uploads\/2024\/02\/STEFAN-LEYSHON-PARK-HYATT-SAIGON-VIETNAM-MAGICIEN-MADGICPROD-BD1.jpg?fit=1184%2C270&ssl=1","datePublished":"2018-09-27T10:01:57+00:00","dateModified":"2024-02-22T18:14:37+00:00","breadcrumb":{"@id":"https:\/\/madgicprod.asia\/fr\/stefan-leyshon\/#breadcrumb"},"inLanguage":"fr-FR","potentialAction":[{"@type":"ReadAction","target":["https:\/\/madgicprod.asia\/fr\/stefan-leyshon\/"]}]},{"@type":"ImageObject","inLanguage":"fr-FR","@id":"https:\/\/madgicprod.asia\/fr\/stefan-leyshon\/#primaryimage","url":"https:\/\/i0.wp.com\/madgicprod.asia\/wp-content\/uploads\/2024\/02\/STEFAN-LEYSHON-PARK-HYATT-SAIGON-VIETNAM-MAGICIEN-MADGICPROD-BD1.jpg?fit=1184%2C270&ssl=1","contentUrl":"https:\/\/i0.wp.com\/madgicprod.asia\/wp-content\/uploads\/2024\/02\/STEFAN-LEYSHON-PARK-HYATT-SAIGON-VIETNAM-MAGICIEN-MADGICPROD-BD1.jpg?fit=1184%2C270&ssl=1","width":1184,"height":270},{"@type":"BreadcrumbList","@id":"https:\/\/madgicprod.asia\/fr\/stefan-leyshon\/#breadcrumb","itemListElement":[{"@type":"ListItem","position":1,"name":"Home","item":"https:\/\/madgicprod.asia\/fr\/"},{"@type":"ListItem","position":2,"name":"Stefan Leyshon"}]},{"@type":"WebSite","@id":"https:\/\/madgicprod.asia\/fr\/#website","url":"https:\/\/madgicprod.asia\/fr\/","name":"Madgicprod","description":"Let&#039;s reveal your magic...","publisher":{"@id":"https:\/\/madgicprod.asia\/fr\/#organization"},"potentialAction":[{"@type":"SearchAction","target":{"@type":"EntryPoint","urlTemplate":"https:\/\/madgicprod.asia\/fr\/?s={search_term_string}"},"query-input":{"@type":"PropertyValueSpecification","valueRequired":true,"valueName":"search_term_string"}}],"inLanguage":"fr-FR"},{"@type":"Organization","@id":"https:\/\/madgicprod.asia\/fr\/#organization","name":"Madgicprod","url":"https:\/\/madgicprod.asia\/fr\/","logo":{"@type":"ImageObject","inLanguage":"fr-FR","@id":"https:\/\/madgicprod.asia\/fr\/#\/schema\/logo\/image\/","url":"https:\/\/i0.wp.com\/madgicprod.asia\/wp-content\/uploads\/2020\/10\/madgicprod-logo-wht-1-e1603184756652.jpg?fit=659%2C182&ssl=1","contentUrl":"https:\/\/i0.wp.com\/madgicprod.asia\/wp-content\/uploads\/2020\/10\/madgicprod-logo-wht-1-e1603184756652.jpg?fit=659%2C182&ssl=1","width":659,"height":182,"caption":"Madgicprod"},"image":{"@id":"https:\/\/madgicprod.asia\/fr\/#\/schema\/logo\/image\/"}}]}},"jetpack_sharing_enabled":true,"jetpack_shortlink":"https:\/\/wp.me\/Pag6lm-Tp","jetpack_likes_enabled":false,"_links":{"self":[{"href":"https:\/\/madgicprod.asia\/fr\/wp-json\/wp\/v2\/pages\/3435","targetHints":{"allow":["GET"]}}],"collection":[{"href":"https:\/\/madgicprod.asia\/fr\/wp-json\/wp\/v2\/pages"}],"about":[{"href":"https:\/\/madgicprod.asia\/fr\/wp-json\/wp\/v2\/types\/page"}],"author":[{"embeddable":true,"href":"https:\/\/madgicprod.asia\/fr\/wp-json\/wp\/v2\/users\/2"}],"replies":[{"embeddable":true,"href":"https:\/\/madgicprod.asia\/fr\/wp-json\/wp\/v2\/comments?post=3435"}],"version-history":[{"count":6,"href":"https:\/\/madgicprod.asia\/fr\/wp-json\/wp\/v2\/pages\/3435\/revisions"}],"predecessor-version":[{"id":3958,"href":"https:\/\/madgicprod.asia\/fr\/wp-json\/wp\/v2\/pages\/3435\/revisions\/3958"}],"wp:featuredmedia":[{"embeddable":true,"href":"https:\/\/madgicprod.asia\/fr\/wp-json\/wp\/v2\/media\/3966"}],"wp:attachment":[{"href":"https:\/\/madgicprod.asia\/fr\/wp-json\/wp\/v2\/media?parent=3435"}],"curies":[{"name":"wp","href":"https:\/\/api.w.org\/{rel}","templated":true}]}}