{"id":3556,"date":"2023-05-06T14:22:14","date_gmt":"2023-05-06T06:22:14","guid":{"rendered":"https:\/\/madgicprod.asia\/katell-sevestre\/"},"modified":"2023-05-06T15:06:02","modified_gmt":"2023-05-06T07:06:02","slug":"katell-sevestre","status":"publish","type":"page","link":"https:\/\/madgicprod.asia\/fr\/katell-sevestre\/","title":{"rendered":"Katell Sevestre"},"content":{"rendered":"\n<p>Katell Sevestre est auteure, productrice et cr\u00e9atrice de spectacles. Depuis 1999, elle participe au rayonnement et \u00e0 la diffusion d&rsquo;\u0153uvres culturelles fran\u00e7aises \u00e0 l&rsquo;international.<\/p>\n\n<figure class=\"wp-block-image size-large\"><img data-recalc-dims=\"1\" loading=\"lazy\" decoding=\"async\" width=\"1000\" height=\"934\" src=\"https:\/\/i0.wp.com\/madgicprod.asia\/wp-content\/uploads\/2023\/05\/Photo-Katell-Sevestre-1.jpg?resize=1000%2C934&#038;ssl=1\" alt=\"\" class=\"wp-image-3552\" srcset=\"https:\/\/i0.wp.com\/madgicprod.asia\/wp-content\/uploads\/2023\/05\/Photo-Katell-Sevestre-1.jpg?resize=1024%2C956&amp;ssl=1 1024w, https:\/\/i0.wp.com\/madgicprod.asia\/wp-content\/uploads\/2023\/05\/Photo-Katell-Sevestre-1.jpg?resize=300%2C280&amp;ssl=1 300w, https:\/\/i0.wp.com\/madgicprod.asia\/wp-content\/uploads\/2023\/05\/Photo-Katell-Sevestre-1.jpg?resize=150%2C140&amp;ssl=1 150w, https:\/\/i0.wp.com\/madgicprod.asia\/wp-content\/uploads\/2023\/05\/Photo-Katell-Sevestre-1.jpg?resize=768%2C717&amp;ssl=1 768w, https:\/\/i0.wp.com\/madgicprod.asia\/wp-content\/uploads\/2023\/05\/Photo-Katell-Sevestre-1.jpg?w=1347&amp;ssl=1 1347w\" sizes=\"auto, (max-width: 1000px) 100vw, 1000px\" \/><\/figure>\n\n<p><\/p>\n\n<p>En 1999, Katell Sevestre fonde la soci\u00e9t\u00e9 de production Madgicprod afin de pouvoir diffuser ses cr\u00e9ations dans le secteur du spectacle vivant.<br\/><\/p>\n\n<p>Au cours des dix ann\u00e9es suivantes, elle cr\u00e9\u00e9 pour Madgicprod des s\u00e9quences interpr\u00e9t\u00e9es par Stefan Leyshon pour la t\u00e9l\u00e9vision (Disney Channel, TF1, M6). Elle travaille \u00e9galement sur des productions th\u00e9\u00e2trales pour Bob Wilson \u00e0 New York (Watermill Center) et Xavier Durringer pour le Festival d&rsquo;Avignon.<\/p>\n\n<p>En 2010, elle co-\u00e9crit la mise en magie de l&rsquo;espace Louis Vuitton au Pavillon France, \u00e0 l&rsquo;Exposition Universelle de Shanghai.<\/p>\n\n<p>2010, elle cr\u00e9\u00e9 et co-dirige le <em>1er festival international de magie<\/em> de la ville de M\u00e2con. Elle en sera la directrice artistique trois ann\u00e9es cons\u00e9cutives.<\/p>\n\n<p>En 2011, afin de rendre l&rsquo;expertise magique accessible au plus grand nombre, Katell a cofond\u00e9 le <em>Centre International de Formation aux Arts <\/em><em>Magiques<\/em>.<em> <\/em>(Centre International de Formation aux Arts Magiques) CIFAM.<br\/><\/p>\n\n<p>2011, elle \u00e9crit <em>Courts<\/em> <em>Instantan\u00e9s<\/em>, aux Editions Archimbaud. Ses textes seront lus par des soci\u00e9taires de la Com\u00e9die Fran\u00e7aise lors de la soir\u00e9e de lancement.<\/p>\n\n<p>En 2013, elle cr\u00e9e le spectacle <em>D\u00eener<\/em><em> Secret<\/em> en hommage aux visionnaires fran\u00e7ais Jean-Eug\u00e8ne Robert-Houdin et Georges M\u00e9li\u00e8s.<br\/><\/p>\n\n<p>2016, <em>D\u00eener<\/em> <em>Secret s&rsquo;<\/em>agrandit et se d\u00e9place au Plaza Ath\u00e9n\u00e9e pendant une ann\u00e9e.<br\/><\/p>\n\n<p>2017, face \u00e0 la demande grandissante, Katell Sevestre d\u00e9cide alors d&rsquo;ouvrir un bureau en Asie, \u00e0 Hong Kong. <em>D\u00eener<\/em> <em>Secret<\/em> y sera donn\u00e9 dans les plus grands \u00e9tablissements avec le soutien du Consulat fran\u00e7ais.<\/p>\n\n<p>Madgicprod devient un vecteur important du rayonnement de la culture fran\u00e7aise, en association avec les Maisons fran\u00e7aises pour diffuser, aupr\u00e8s de leur client\u00e8le prestigieuse, l\u2019image du savoir-faire fran\u00e7ais. Louis Vuitton, Christian Dior et Cartier sont les principaux partenaires.<\/p>\n\n<p>Katell Sevestre continue alors de porter haut les couleurs de la France en participant \u00e0 l&rsquo;\u00e9criture et la mise en sc\u00e8ne de prestigieux \u00e9v\u00e8nements pour les CCI France \u00e0 l&rsquo;international : Hong Kong, Ghana, Suisse, Vietnam\u2026<\/p>\n\n<p>En pleine pand\u00e9mie mondiale, elle cr\u00e9\u00e9 <em>Champagne Secret<\/em>, une version plus intimiste de <em>D\u00eener Secret<\/em>. Cela lui permet de le produire dans les h\u00f4tels les plus iconiques du Vietnam<em>.<\/em><br\/><\/p>\n\n<p>A travers toutes ces productions, elle promeut le meilleur du savoir-faire fran\u00e7ais.<\/p>\n\n<p>Pendant la pand\u00e9mie, Katell a continu\u00e9 \u00e0 promouvoir les int\u00e9r\u00eats culturels fran\u00e7ais au Vietnam. Katell Sevestre a \u00e9t\u00e9 l&rsquo;une des forces de permanence du rayonnement fran\u00e7ais au Vietnam pendant cette crise mondiale.<\/p>\n","protected":false},"excerpt":{"rendered":"<p>Katell Sevestre est auteure, productrice et cr\u00e9atrice de spectacles. Depuis 1999, elle participe au rayonnement et \u00e0 la diffusion d&rsquo;\u0153uvres culturelles fran\u00e7aises \u00e0 l&rsquo;international. En 1999, Katell Sevestre fonde la soci\u00e9t\u00e9 de production Madgicprod afin de pouvoir diffuser ses cr\u00e9ations dans le secteur du spectacle vivant. Au cours des dix ann\u00e9es suivantes, elle cr\u00e9\u00e9 pour <\/p>\n","protected":false},"author":2,"featured_media":0,"parent":0,"menu_order":0,"comment_status":"closed","ping_status":"closed","template":"","meta":{"jetpack_post_was_ever_published":false,"footnotes":""},"class_list":["post-3556","page","type-page","status-publish","hentry"],"yoast_head":"<!-- This site is optimized with the Yoast SEO plugin v27.3 - https:\/\/yoast.com\/product\/yoast-seo-wordpress\/ -->\n<title>Katell Sevestre - Madgicprod<\/title>\n<meta name=\"robots\" content=\"index, follow, max-snippet:-1, max-image-preview:large, max-video-preview:-1\" \/>\n<link rel=\"canonical\" href=\"https:\/\/madgicprod.asia\/fr\/katell-sevestre\/\" \/>\n<meta property=\"og:locale\" content=\"fr_FR\" \/>\n<meta property=\"og:type\" content=\"article\" \/>\n<meta property=\"og:title\" content=\"Katell Sevestre - Madgicprod\" \/>\n<meta property=\"og:description\" content=\"Katell Sevestre est auteure, productrice et cr\u00e9atrice de spectacles. Depuis 1999, elle participe au rayonnement et \u00e0 la diffusion d&rsquo;\u0153uvres culturelles fran\u00e7aises \u00e0 l&rsquo;international. En 1999, Katell Sevestre fonde la soci\u00e9t\u00e9 de production Madgicprod afin de pouvoir diffuser ses cr\u00e9ations dans le secteur du spectacle vivant. Au cours des dix ann\u00e9es suivantes, elle cr\u00e9\u00e9 pour [&hellip;]\" \/>\n<meta property=\"og:url\" content=\"https:\/\/madgicprod.asia\/fr\/katell-sevestre\/\" \/>\n<meta property=\"og:site_name\" content=\"Madgicprod\" \/>\n<meta property=\"article:modified_time\" content=\"2023-05-06T07:06:02+00:00\" \/>\n<meta property=\"og:image\" content=\"https:\/\/madgicprod.asia\/wp-content\/uploads\/2023\/05\/Photo-Katell-Sevestre-1-1024x956.jpg\" \/>\n<meta name=\"twitter:card\" content=\"summary_large_image\" \/>\n<meta name=\"twitter:label1\" content=\"Dur\u00e9e de lecture estim\u00e9e\" \/>\n\t<meta name=\"twitter:data1\" content=\"2 minutes\" \/>\n<script type=\"application\/ld+json\" class=\"yoast-schema-graph\">{\"@context\":\"https:\\\/\\\/schema.org\",\"@graph\":[{\"@type\":\"WebPage\",\"@id\":\"https:\\\/\\\/madgicprod.asia\\\/fr\\\/katell-sevestre\\\/\",\"url\":\"https:\\\/\\\/madgicprod.asia\\\/fr\\\/katell-sevestre\\\/\",\"name\":\"Katell Sevestre - Madgicprod\",\"isPartOf\":{\"@id\":\"https:\\\/\\\/madgicprod.asia\\\/fr\\\/#website\"},\"primaryImageOfPage\":{\"@id\":\"https:\\\/\\\/madgicprod.asia\\\/fr\\\/katell-sevestre\\\/#primaryimage\"},\"image\":{\"@id\":\"https:\\\/\\\/madgicprod.asia\\\/fr\\\/katell-sevestre\\\/#primaryimage\"},\"thumbnailUrl\":\"https:\\\/\\\/madgicprod.asia\\\/wp-content\\\/uploads\\\/2023\\\/05\\\/Photo-Katell-Sevestre-1-1024x956.jpg\",\"datePublished\":\"2023-05-06T06:22:14+00:00\",\"dateModified\":\"2023-05-06T07:06:02+00:00\",\"breadcrumb\":{\"@id\":\"https:\\\/\\\/madgicprod.asia\\\/fr\\\/katell-sevestre\\\/#breadcrumb\"},\"inLanguage\":\"fr-FR\",\"potentialAction\":[{\"@type\":\"ReadAction\",\"target\":[\"https:\\\/\\\/madgicprod.asia\\\/fr\\\/katell-sevestre\\\/\"]}]},{\"@type\":\"ImageObject\",\"inLanguage\":\"fr-FR\",\"@id\":\"https:\\\/\\\/madgicprod.asia\\\/fr\\\/katell-sevestre\\\/#primaryimage\",\"url\":\"https:\\\/\\\/madgicprod.asia\\\/wp-content\\\/uploads\\\/2023\\\/05\\\/Photo-Katell-Sevestre-1-1024x956.jpg\",\"contentUrl\":\"https:\\\/\\\/madgicprod.asia\\\/wp-content\\\/uploads\\\/2023\\\/05\\\/Photo-Katell-Sevestre-1-1024x956.jpg\"},{\"@type\":\"BreadcrumbList\",\"@id\":\"https:\\\/\\\/madgicprod.asia\\\/fr\\\/katell-sevestre\\\/#breadcrumb\",\"itemListElement\":[{\"@type\":\"ListItem\",\"position\":1,\"name\":\"Home\",\"item\":\"https:\\\/\\\/madgicprod.asia\\\/fr\\\/\"},{\"@type\":\"ListItem\",\"position\":2,\"name\":\"Katell Sevestre\"}]},{\"@type\":\"WebSite\",\"@id\":\"https:\\\/\\\/madgicprod.asia\\\/fr\\\/#website\",\"url\":\"https:\\\/\\\/madgicprod.asia\\\/fr\\\/\",\"name\":\"Madgicprod\",\"description\":\"Let&#039;s reveal your magic...\",\"publisher\":{\"@id\":\"https:\\\/\\\/madgicprod.asia\\\/fr\\\/#organization\"},\"potentialAction\":[{\"@type\":\"SearchAction\",\"target\":{\"@type\":\"EntryPoint\",\"urlTemplate\":\"https:\\\/\\\/madgicprod.asia\\\/fr\\\/?s={search_term_string}\"},\"query-input\":{\"@type\":\"PropertyValueSpecification\",\"valueRequired\":true,\"valueName\":\"search_term_string\"}}],\"inLanguage\":\"fr-FR\"},{\"@type\":\"Organization\",\"@id\":\"https:\\\/\\\/madgicprod.asia\\\/fr\\\/#organization\",\"name\":\"Madgicprod\",\"url\":\"https:\\\/\\\/madgicprod.asia\\\/fr\\\/\",\"logo\":{\"@type\":\"ImageObject\",\"inLanguage\":\"fr-FR\",\"@id\":\"https:\\\/\\\/madgicprod.asia\\\/fr\\\/#\\\/schema\\\/logo\\\/image\\\/\",\"url\":\"https:\\\/\\\/i0.wp.com\\\/madgicprod.asia\\\/wp-content\\\/uploads\\\/2020\\\/10\\\/madgicprod-logo-wht-1-e1603184756652.jpg?fit=659%2C182&ssl=1\",\"contentUrl\":\"https:\\\/\\\/i0.wp.com\\\/madgicprod.asia\\\/wp-content\\\/uploads\\\/2020\\\/10\\\/madgicprod-logo-wht-1-e1603184756652.jpg?fit=659%2C182&ssl=1\",\"width\":659,\"height\":182,\"caption\":\"Madgicprod\"},\"image\":{\"@id\":\"https:\\\/\\\/madgicprod.asia\\\/fr\\\/#\\\/schema\\\/logo\\\/image\\\/\"}}]}<\/script>\n<!-- \/ Yoast SEO plugin. -->","yoast_head_json":{"title":"Katell Sevestre - Madgicprod","robots":{"index":"index","follow":"follow","max-snippet":"max-snippet:-1","max-image-preview":"max-image-preview:large","max-video-preview":"max-video-preview:-1"},"canonical":"https:\/\/madgicprod.asia\/fr\/katell-sevestre\/","og_locale":"fr_FR","og_type":"article","og_title":"Katell Sevestre - Madgicprod","og_description":"Katell Sevestre est auteure, productrice et cr\u00e9atrice de spectacles. Depuis 1999, elle participe au rayonnement et \u00e0 la diffusion d&rsquo;\u0153uvres culturelles fran\u00e7aises \u00e0 l&rsquo;international. En 1999, Katell Sevestre fonde la soci\u00e9t\u00e9 de production Madgicprod afin de pouvoir diffuser ses cr\u00e9ations dans le secteur du spectacle vivant. Au cours des dix ann\u00e9es suivantes, elle cr\u00e9\u00e9 pour [&hellip;]","og_url":"https:\/\/madgicprod.asia\/fr\/katell-sevestre\/","og_site_name":"Madgicprod","article_modified_time":"2023-05-06T07:06:02+00:00","og_image":[{"url":"https:\/\/madgicprod.asia\/wp-content\/uploads\/2023\/05\/Photo-Katell-Sevestre-1-1024x956.jpg","type":"","width":"","height":""}],"twitter_card":"summary_large_image","twitter_misc":{"Dur\u00e9e de lecture estim\u00e9e":"2 minutes"},"schema":{"@context":"https:\/\/schema.org","@graph":[{"@type":"WebPage","@id":"https:\/\/madgicprod.asia\/fr\/katell-sevestre\/","url":"https:\/\/madgicprod.asia\/fr\/katell-sevestre\/","name":"Katell Sevestre - Madgicprod","isPartOf":{"@id":"https:\/\/madgicprod.asia\/fr\/#website"},"primaryImageOfPage":{"@id":"https:\/\/madgicprod.asia\/fr\/katell-sevestre\/#primaryimage"},"image":{"@id":"https:\/\/madgicprod.asia\/fr\/katell-sevestre\/#primaryimage"},"thumbnailUrl":"https:\/\/madgicprod.asia\/wp-content\/uploads\/2023\/05\/Photo-Katell-Sevestre-1-1024x956.jpg","datePublished":"2023-05-06T06:22:14+00:00","dateModified":"2023-05-06T07:06:02+00:00","breadcrumb":{"@id":"https:\/\/madgicprod.asia\/fr\/katell-sevestre\/#breadcrumb"},"inLanguage":"fr-FR","potentialAction":[{"@type":"ReadAction","target":["https:\/\/madgicprod.asia\/fr\/katell-sevestre\/"]}]},{"@type":"ImageObject","inLanguage":"fr-FR","@id":"https:\/\/madgicprod.asia\/fr\/katell-sevestre\/#primaryimage","url":"https:\/\/madgicprod.asia\/wp-content\/uploads\/2023\/05\/Photo-Katell-Sevestre-1-1024x956.jpg","contentUrl":"https:\/\/madgicprod.asia\/wp-content\/uploads\/2023\/05\/Photo-Katell-Sevestre-1-1024x956.jpg"},{"@type":"BreadcrumbList","@id":"https:\/\/madgicprod.asia\/fr\/katell-sevestre\/#breadcrumb","itemListElement":[{"@type":"ListItem","position":1,"name":"Home","item":"https:\/\/madgicprod.asia\/fr\/"},{"@type":"ListItem","position":2,"name":"Katell Sevestre"}]},{"@type":"WebSite","@id":"https:\/\/madgicprod.asia\/fr\/#website","url":"https:\/\/madgicprod.asia\/fr\/","name":"Madgicprod","description":"Let&#039;s reveal your magic...","publisher":{"@id":"https:\/\/madgicprod.asia\/fr\/#organization"},"potentialAction":[{"@type":"SearchAction","target":{"@type":"EntryPoint","urlTemplate":"https:\/\/madgicprod.asia\/fr\/?s={search_term_string}"},"query-input":{"@type":"PropertyValueSpecification","valueRequired":true,"valueName":"search_term_string"}}],"inLanguage":"fr-FR"},{"@type":"Organization","@id":"https:\/\/madgicprod.asia\/fr\/#organization","name":"Madgicprod","url":"https:\/\/madgicprod.asia\/fr\/","logo":{"@type":"ImageObject","inLanguage":"fr-FR","@id":"https:\/\/madgicprod.asia\/fr\/#\/schema\/logo\/image\/","url":"https:\/\/i0.wp.com\/madgicprod.asia\/wp-content\/uploads\/2020\/10\/madgicprod-logo-wht-1-e1603184756652.jpg?fit=659%2C182&ssl=1","contentUrl":"https:\/\/i0.wp.com\/madgicprod.asia\/wp-content\/uploads\/2020\/10\/madgicprod-logo-wht-1-e1603184756652.jpg?fit=659%2C182&ssl=1","width":659,"height":182,"caption":"Madgicprod"},"image":{"@id":"https:\/\/madgicprod.asia\/fr\/#\/schema\/logo\/image\/"}}]}},"jetpack_sharing_enabled":true,"jetpack_shortlink":"https:\/\/wp.me\/Pag6lm-Vm","jetpack_likes_enabled":false,"_links":{"self":[{"href":"https:\/\/madgicprod.asia\/fr\/wp-json\/wp\/v2\/pages\/3556","targetHints":{"allow":["GET"]}}],"collection":[{"href":"https:\/\/madgicprod.asia\/fr\/wp-json\/wp\/v2\/pages"}],"about":[{"href":"https:\/\/madgicprod.asia\/fr\/wp-json\/wp\/v2\/types\/page"}],"author":[{"embeddable":true,"href":"https:\/\/madgicprod.asia\/fr\/wp-json\/wp\/v2\/users\/2"}],"replies":[{"embeddable":true,"href":"https:\/\/madgicprod.asia\/fr\/wp-json\/wp\/v2\/comments?post=3556"}],"version-history":[{"count":4,"href":"https:\/\/madgicprod.asia\/fr\/wp-json\/wp\/v2\/pages\/3556\/revisions"}],"predecessor-version":[{"id":3565,"href":"https:\/\/madgicprod.asia\/fr\/wp-json\/wp\/v2\/pages\/3556\/revisions\/3565"}],"wp:attachment":[{"href":"https:\/\/madgicprod.asia\/fr\/wp-json\/wp\/v2\/media?parent=3556"}],"curies":[{"name":"wp","href":"https:\/\/api.w.org\/{rel}","templated":true}]}}